{"id":18259,"date":"2020-07-09T19:03:41","date_gmt":"2020-07-09T17:03:41","guid":{"rendered":"https:\/\/www.rgequip.com\/?post_type=product&#038;p=18259"},"modified":"2020-07-10T12:17:08","modified_gmt":"2020-07-10T10:17:08","slug":"positionneur-a-glace-44-mm","status":"publish","type":"product","link":"https:\/\/www.rgequip.com\/?product=positionneur-a-glace-44-mm","title":{"rendered":"Portionneur \u00e0 glace 70 mm"},"content":{"rendered":"<p>Cuill\u00e8re \u00e0 glace ou portionneur au pouce Type<br \/>\nCuill\u00e8re \u00e0 glace en acier inoxydable de grande qualit\u00e9,<br \/>\nDiff\u00e9rentes tailles de portionneur sont disponibles, en fonction du diam\u00e8tre des boules de sorbet ou glace que vous souhaitez obtenir.<\/p>\n<p>convient au lave-vaiselle<\/p>\n","protected":false},"excerpt":{"rendered":"<p>Cuill\u00e8re \u00e0 glace ou portionneur au pouce Type Cuill\u00e8re \u00e0 glace en acier inoxydable de grande qualit\u00e9, Diff\u00e9rentes tailles de<\/p>\n","protected":false},"featured_media":18276,"comment_status":"open","ping_status":"closed","template":"","meta":[],"product_brand":[],"product_cat":[337,340,355],"product_tag":[],"class_list":{"0":"post-18259","1":"product","2":"type-product","3":"status-publish","4":"has-post-thumbnail","6":"product_cat-preparation","7":"product_cat-accessoires-preparation","8":"product_cat-ustensils","10":"first","11":"instock","12":"shipping-taxable","13":"product-type-simple"},"_links":{"self":[{"href":"https:\/\/www.rgequip.com\/index.php?rest_route=\/wp\/v2\/product\/18259","targetHints":{"allow":["GET"]}}],"collection":[{"href":"https:\/\/www.rgequip.com\/index.php?rest_route=\/wp\/v2\/product"}],"about":[{"href":"https:\/\/www.rgequip.com\/index.php?rest_route=\/wp\/v2\/types\/product"}],"replies":[{"embeddable":true,"href":"https:\/\/www.rgequip.com\/index.php?rest_route=%2Fwp%2Fv2%2Fcomments&post=18259"}],"version-history":[{"count":1,"href":"https:\/\/www.rgequip.com\/index.php?rest_route=\/wp\/v2\/product\/18259\/revisions"}],"predecessor-version":[{"id":18261,"href":"https:\/\/www.rgequip.com\/index.php?rest_route=\/wp\/v2\/product\/18259\/revisions\/18261"}],"wp:featuredmedia":[{"embeddable":true,"href":"https:\/\/www.rgequip.com\/index.php?rest_route=\/wp\/v2\/media\/18276"}],"wp:attachment":[{"href":"https:\/\/www.rgequip.com\/index.php?rest_route=%2Fwp%2Fv2%2Fmedia&parent=18259"}],"wp:term":[{"taxonomy":"product_brand","embeddable":true,"href":"https:\/\/www.rgequip.com\/index.php?rest_route=%2Fwp%2Fv2%2Fproduct_brand&post=18259"},{"taxonomy":"product_cat","embeddable":true,"href":"https:\/\/www.rgequip.com\/index.php?rest_route=%2Fwp%2Fv2%2Fproduct_cat&post=18259"},{"taxonomy":"product_tag","embeddable":true,"href":"https:\/\/www.rgequip.com\/index.php?rest_route=%2Fwp%2Fv2%2Fproduct_tag&post=18259"}],"curies":[{"name":"wp","href":"https:\/\/api.w.org\/{rel}","templated":true}]}}