{"id":18255,"date":"2020-07-09T18:46:49","date_gmt":"2020-07-09T16:46:49","guid":{"rendered":"https:\/\/www.rgequip.com\/?post_type=product&#038;p=18255"},"modified":"2020-07-09T18:46:49","modified_gmt":"2020-07-09T16:46:49","slug":"toaster-en-inox","status":"publish","type":"product","link":"https:\/\/www.rgequip.com\/?product=toaster-en-inox","title":{"rendered":"Toaster en Inox"},"content":{"rendered":"<p><span>il a: <\/span><\/p>\n<ul>\n<li><span>Bo\u00eetier en acier inoxydable.<\/span><\/li>\n<li>une\u00a0 Pince \u00e9quip\u00e9e de poign\u00e9es isol\u00e9es en r\u00e9sine PF.<\/li>\n<li>Fente gauche et droite fonctionnant s\u00e9par\u00e9ment.<\/li>\n<li>Minuterie avec alarme r\u00e9glable sur un maximum de 8 minutes.<\/li>\n<li>Plateau ramasse-miettes amovible.<\/li>\n<\/ul>\n","protected":false},"excerpt":{"rendered":"<p>il a: Bo\u00eetier en acier inoxydable. une\u00a0 Pince \u00e9quip\u00e9e de poign\u00e9es isol\u00e9es en r\u00e9sine PF. Fente gauche et droite fonctionnant<\/p>\n","protected":false},"featured_media":18256,"comment_status":"open","ping_status":"closed","template":"","meta":[],"product_brand":[],"product_cat":[226,259,235],"product_tag":[],"class_list":{"0":"post-18255","1":"product","2":"type-product","3":"status-publish","4":"has-post-thumbnail","6":"product_cat-cuisson","7":"product_cat-grill-panini","8":"product_cat-snacking","10":"first","11":"instock","12":"shipping-taxable","13":"product-type-simple"},"_links":{"self":[{"href":"https:\/\/www.rgequip.com\/index.php?rest_route=\/wp\/v2\/product\/18255","targetHints":{"allow":["GET"]}}],"collection":[{"href":"https:\/\/www.rgequip.com\/index.php?rest_route=\/wp\/v2\/product"}],"about":[{"href":"https:\/\/www.rgequip.com\/index.php?rest_route=\/wp\/v2\/types\/product"}],"replies":[{"embeddable":true,"href":"https:\/\/www.rgequip.com\/index.php?rest_route=%2Fwp%2Fv2%2Fcomments&post=18255"}],"version-history":[{"count":0,"href":"https:\/\/www.rgequip.com\/index.php?rest_route=\/wp\/v2\/product\/18255\/revisions"}],"wp:featuredmedia":[{"embeddable":true,"href":"https:\/\/www.rgequip.com\/index.php?rest_route=\/wp\/v2\/media\/18256"}],"wp:attachment":[{"href":"https:\/\/www.rgequip.com\/index.php?rest_route=%2Fwp%2Fv2%2Fmedia&parent=18255"}],"wp:term":[{"taxonomy":"product_brand","embeddable":true,"href":"https:\/\/www.rgequip.com\/index.php?rest_route=%2Fwp%2Fv2%2Fproduct_brand&post=18255"},{"taxonomy":"product_cat","embeddable":true,"href":"https:\/\/www.rgequip.com\/index.php?rest_route=%2Fwp%2Fv2%2Fproduct_cat&post=18255"},{"taxonomy":"product_tag","embeddable":true,"href":"https:\/\/www.rgequip.com\/index.php?rest_route=%2Fwp%2Fv2%2Fproduct_tag&post=18255"}],"curies":[{"name":"wp","href":"https:\/\/api.w.org\/{rel}","templated":true}]}}