{"id":18253,"date":"2020-07-09T18:34:24","date_gmt":"2020-07-09T16:34:24","guid":{"rendered":"https:\/\/www.rgequip.com\/?post_type=product&#038;p=18253"},"modified":"2020-07-09T18:34:25","modified_gmt":"2020-07-09T16:34:25","slug":"presse-en-hamburger-en-inox-alu-330-x-250-x-300-mm","status":"publish","type":"product","link":"https:\/\/www.rgequip.com\/?product=presse-en-hamburger-en-inox-alu-330-x-250-x-300-mm","title":{"rendered":"Presse en Hamburger en Inox \/Alu 330 x 250 x 300 mm"},"content":{"rendered":"<p><span>Donne des hamburgers \u00f8130 mm.<\/span><\/p>\n<p><span>\u00a0<\/span><span>Les composants en contact avec la viande sont en acier inoxydable.<\/span><\/p>\n<p><span>\u00a0<\/span><span>Bo\u00eetier inf\u00e9rieur en aluminium anodis\u00e9.\u00a0<\/span><\/p>\n<p><span>Levier pratique pour retirer les galettes de hamburger pr\u00e9par\u00e9es du bol de la presse.\u00a0<\/span><\/p>\n<p><span>Conteneur pour s\u00e9parateurs de galettes.<\/span><\/p>\n","protected":false},"excerpt":{"rendered":"<p>Donne des hamburgers \u00f8130 mm. \u00a0Les composants en contact avec la viande sont en acier inoxydable. \u00a0Bo\u00eetier inf\u00e9rieur en aluminium<\/p>\n","protected":false},"featured_media":18254,"comment_status":"open","ping_status":"closed","template":"","meta":[],"product_brand":[],"product_cat":[337,340,342,355],"product_tag":[],"class_list":{"0":"post-18253","1":"product","2":"type-product","3":"status-publish","4":"has-post-thumbnail","6":"product_cat-preparation","7":"product_cat-accessoires-preparation","8":"product_cat-travail-de-la-viande","9":"product_cat-ustensils","11":"first","12":"instock","13":"shipping-taxable","14":"product-type-simple"},"_links":{"self":[{"href":"https:\/\/www.rgequip.com\/index.php?rest_route=\/wp\/v2\/product\/18253","targetHints":{"allow":["GET"]}}],"collection":[{"href":"https:\/\/www.rgequip.com\/index.php?rest_route=\/wp\/v2\/product"}],"about":[{"href":"https:\/\/www.rgequip.com\/index.php?rest_route=\/wp\/v2\/types\/product"}],"replies":[{"embeddable":true,"href":"https:\/\/www.rgequip.com\/index.php?rest_route=%2Fwp%2Fv2%2Fcomments&post=18253"}],"version-history":[{"count":0,"href":"https:\/\/www.rgequip.com\/index.php?rest_route=\/wp\/v2\/product\/18253\/revisions"}],"wp:featuredmedia":[{"embeddable":true,"href":"https:\/\/www.rgequip.com\/index.php?rest_route=\/wp\/v2\/media\/18254"}],"wp:attachment":[{"href":"https:\/\/www.rgequip.com\/index.php?rest_route=%2Fwp%2Fv2%2Fmedia&parent=18253"}],"wp:term":[{"taxonomy":"product_brand","embeddable":true,"href":"https:\/\/www.rgequip.com\/index.php?rest_route=%2Fwp%2Fv2%2Fproduct_brand&post=18253"},{"taxonomy":"product_cat","embeddable":true,"href":"https:\/\/www.rgequip.com\/index.php?rest_route=%2Fwp%2Fv2%2Fproduct_cat&post=18253"},{"taxonomy":"product_tag","embeddable":true,"href":"https:\/\/www.rgequip.com\/index.php?rest_route=%2Fwp%2Fv2%2Fproduct_tag&post=18253"}],"curies":[{"name":"wp","href":"https:\/\/api.w.org\/{rel}","templated":true}]}}