{"id":18252,"date":"2020-07-09T17:54:23","date_gmt":"2020-07-09T15:54:23","guid":{"rendered":"https:\/\/www.rgequip.com\/?post_type=product&#038;p=18252"},"modified":"2020-07-09T17:54:23","modified_gmt":"2020-07-09T15:54:23","slug":"plateau-ovale-en-acajou-20-x-26-5-cm","status":"publish","type":"product","link":"https:\/\/www.rgequip.com\/?product=plateau-ovale-en-acajou-20-x-26-5-cm","title":{"rendered":"Plateau Ovale en Acajou 20 x 26.5 cm"},"content":{"rendered":"<p>Couleur acajou<br \/>\nDe plus il est Stratifi\u00e9 et renforc\u00e9 avec du bois et une couche antid\u00e9rapante<br \/>\nR\u00e9sistant aux chocs et f\u00ealures<br \/>\nMat\u00e9riel garanti 5 ans<\/p>\n<p>Ovale<\/p>\n","protected":false},"excerpt":{"rendered":"<p>Couleur acajou De plus il est Stratifi\u00e9 et renforc\u00e9 avec du bois et une couche antid\u00e9rapante R\u00e9sistant aux chocs et<\/p>\n","protected":false},"featured_media":10491,"comment_status":"open","ping_status":"closed","template":"","meta":[],"product_brand":[],"product_cat":[340,337,355],"product_tag":[],"class_list":{"0":"post-18252","1":"product","2":"type-product","3":"status-publish","4":"has-post-thumbnail","6":"product_cat-accessoires-preparation","7":"product_cat-preparation","8":"product_cat-ustensils","10":"first","11":"instock","12":"shipping-taxable","13":"product-type-simple"},"_links":{"self":[{"href":"https:\/\/www.rgequip.com\/index.php?rest_route=\/wp\/v2\/product\/18252","targetHints":{"allow":["GET"]}}],"collection":[{"href":"https:\/\/www.rgequip.com\/index.php?rest_route=\/wp\/v2\/product"}],"about":[{"href":"https:\/\/www.rgequip.com\/index.php?rest_route=\/wp\/v2\/types\/product"}],"replies":[{"embeddable":true,"href":"https:\/\/www.rgequip.com\/index.php?rest_route=%2Fwp%2Fv2%2Fcomments&post=18252"}],"version-history":[{"count":0,"href":"https:\/\/www.rgequip.com\/index.php?rest_route=\/wp\/v2\/product\/18252\/revisions"}],"wp:featuredmedia":[{"embeddable":true,"href":"https:\/\/www.rgequip.com\/index.php?rest_route=\/wp\/v2\/media\/10491"}],"wp:attachment":[{"href":"https:\/\/www.rgequip.com\/index.php?rest_route=%2Fwp%2Fv2%2Fmedia&parent=18252"}],"wp:term":[{"taxonomy":"product_brand","embeddable":true,"href":"https:\/\/www.rgequip.com\/index.php?rest_route=%2Fwp%2Fv2%2Fproduct_brand&post=18252"},{"taxonomy":"product_cat","embeddable":true,"href":"https:\/\/www.rgequip.com\/index.php?rest_route=%2Fwp%2Fv2%2Fproduct_cat&post=18252"},{"taxonomy":"product_tag","embeddable":true,"href":"https:\/\/www.rgequip.com\/index.php?rest_route=%2Fwp%2Fv2%2Fproduct_tag&post=18252"}],"curies":[{"name":"wp","href":"https:\/\/api.w.org\/{rel}","templated":true}]}}