{"id":18248,"date":"2020-07-09T17:45:01","date_gmt":"2020-07-09T15:45:01","guid":{"rendered":"https:\/\/www.rgequip.com\/?post_type=product&#038;p=18248"},"modified":"2020-07-09T17:45:01","modified_gmt":"2020-07-09T15:45:01","slug":"vis-sans-fin-pour-hachoir-a-viande","status":"publish","type":"product","link":"https:\/\/www.rgequip.com\/?product=vis-sans-fin-pour-hachoir-a-viande","title":{"rendered":"Vis sans fin pour hachoir \u00e0 viande"},"content":{"rendered":"<p>sert \u00e0 \u00e9quiper le hachoir \u00e0 viande<\/p>\n<p>en acier inoxydable<\/p>\n<p>convient au lave-vaiselle<\/p>\n","protected":false},"excerpt":{"rendered":"<p>sert \u00e0 \u00e9quiper le hachoir \u00e0 viande en acier inoxydable convient au lave-vaiselle<\/p>\n","protected":false},"featured_media":18249,"comment_status":"open","ping_status":"closed","template":"","meta":[],"product_brand":[],"product_cat":[342,360],"product_tag":[],"class_list":{"0":"post-18248","1":"product","2":"type-product","3":"status-publish","4":"has-post-thumbnail","6":"product_cat-travail-de-la-viande","7":"product_cat-accessoires-hache-viande","9":"first","10":"instock","11":"shipping-taxable","12":"product-type-simple"},"_links":{"self":[{"href":"https:\/\/www.rgequip.com\/index.php?rest_route=\/wp\/v2\/product\/18248","targetHints":{"allow":["GET"]}}],"collection":[{"href":"https:\/\/www.rgequip.com\/index.php?rest_route=\/wp\/v2\/product"}],"about":[{"href":"https:\/\/www.rgequip.com\/index.php?rest_route=\/wp\/v2\/types\/product"}],"replies":[{"embeddable":true,"href":"https:\/\/www.rgequip.com\/index.php?rest_route=%2Fwp%2Fv2%2Fcomments&post=18248"}],"version-history":[{"count":0,"href":"https:\/\/www.rgequip.com\/index.php?rest_route=\/wp\/v2\/product\/18248\/revisions"}],"wp:featuredmedia":[{"embeddable":true,"href":"https:\/\/www.rgequip.com\/index.php?rest_route=\/wp\/v2\/media\/18249"}],"wp:attachment":[{"href":"https:\/\/www.rgequip.com\/index.php?rest_route=%2Fwp%2Fv2%2Fmedia&parent=18248"}],"wp:term":[{"taxonomy":"product_brand","embeddable":true,"href":"https:\/\/www.rgequip.com\/index.php?rest_route=%2Fwp%2Fv2%2Fproduct_brand&post=18248"},{"taxonomy":"product_cat","embeddable":true,"href":"https:\/\/www.rgequip.com\/index.php?rest_route=%2Fwp%2Fv2%2Fproduct_cat&post=18248"},{"taxonomy":"product_tag","embeddable":true,"href":"https:\/\/www.rgequip.com\/index.php?rest_route=%2Fwp%2Fv2%2Fproduct_tag&post=18248"}],"curies":[{"name":"wp","href":"https:\/\/api.w.org\/{rel}","templated":true}]}}