{"id":18236,"date":"2020-07-09T17:19:06","date_gmt":"2020-07-09T15:19:06","guid":{"rendered":"https:\/\/www.rgequip.com\/?post_type=product&#038;p=18236"},"modified":"2020-07-09T17:19:07","modified_gmt":"2020-07-09T15:19:07","slug":"plaque-perforee-pour-hachoir-a-viande-02-mm","status":"publish","type":"product","link":"https:\/\/www.rgequip.com\/?product=plaque-perforee-pour-hachoir-a-viande-02-mm","title":{"rendered":"Plaque Perfor\u00e9e pour Hachoir \u00e0 viande  02 mm"},"content":{"rendered":"<p>sert \u00e0 \u00e9quiper le hachoir \u00e0 viande<\/p>\n<p>en acier inoxydable<\/p>\n<p>convient au lave-vaiselle<\/p>\n","protected":false},"excerpt":{"rendered":"<p>sert \u00e0 \u00e9quiper le hachoir \u00e0 viande en acier inoxydable convient au lave-vaiselle<\/p>\n","protected":false},"featured_media":18238,"comment_status":"open","ping_status":"closed","template":"","meta":[],"product_brand":[],"product_cat":[342,360],"product_tag":[],"class_list":{"0":"post-18236","1":"product","2":"type-product","3":"status-publish","4":"has-post-thumbnail","6":"product_cat-travail-de-la-viande","7":"product_cat-accessoires-hache-viande","9":"first","10":"instock","11":"shipping-taxable","12":"product-type-simple"},"_links":{"self":[{"href":"https:\/\/www.rgequip.com\/index.php?rest_route=\/wp\/v2\/product\/18236","targetHints":{"allow":["GET"]}}],"collection":[{"href":"https:\/\/www.rgequip.com\/index.php?rest_route=\/wp\/v2\/product"}],"about":[{"href":"https:\/\/www.rgequip.com\/index.php?rest_route=\/wp\/v2\/types\/product"}],"replies":[{"embeddable":true,"href":"https:\/\/www.rgequip.com\/index.php?rest_route=%2Fwp%2Fv2%2Fcomments&post=18236"}],"version-history":[{"count":0,"href":"https:\/\/www.rgequip.com\/index.php?rest_route=\/wp\/v2\/product\/18236\/revisions"}],"wp:featuredmedia":[{"embeddable":true,"href":"https:\/\/www.rgequip.com\/index.php?rest_route=\/wp\/v2\/media\/18238"}],"wp:attachment":[{"href":"https:\/\/www.rgequip.com\/index.php?rest_route=%2Fwp%2Fv2%2Fmedia&parent=18236"}],"wp:term":[{"taxonomy":"product_brand","embeddable":true,"href":"https:\/\/www.rgequip.com\/index.php?rest_route=%2Fwp%2Fv2%2Fproduct_brand&post=18236"},{"taxonomy":"product_cat","embeddable":true,"href":"https:\/\/www.rgequip.com\/index.php?rest_route=%2Fwp%2Fv2%2Fproduct_cat&post=18236"},{"taxonomy":"product_tag","embeddable":true,"href":"https:\/\/www.rgequip.com\/index.php?rest_route=%2Fwp%2Fv2%2Fproduct_tag&post=18236"}],"curies":[{"name":"wp","href":"https:\/\/api.w.org\/{rel}","templated":true}]}}