{"id":18231,"date":"2020-07-09T16:45:43","date_gmt":"2020-07-09T14:45:43","guid":{"rendered":"https:\/\/www.rgequip.com\/?post_type=product&#038;p=18231"},"modified":"2020-07-09T16:45:44","modified_gmt":"2020-07-09T14:45:44","slug":"disque-a-cube-8-mm","status":"publish","type":"product","link":"https:\/\/www.rgequip.com\/?product=disque-a-cube-8-mm","title":{"rendered":"Disque \u00e0 Cube 8 mm"},"content":{"rendered":"<p>&nbsp;<\/p>\n<p>Id\u00e9ale Pour coupe-l\u00e9gumes<\/p>\n<p>Convient pour toutes sortes de l\u00e9gumes ( carottes, choux c\u00e9leri, poireau ,ails,etc)<\/p>\n","protected":false},"excerpt":{"rendered":"<p>&nbsp; Id\u00e9ale Pour coupe-l\u00e9gumes Convient pour toutes sortes de l\u00e9gumes ( carottes, choux c\u00e9leri, poireau ,ails,etc)<\/p>\n","protected":false},"featured_media":18232,"comment_status":"open","ping_status":"closed","template":"","meta":[],"product_brand":[],"product_cat":[337,340,349,339,355],"product_tag":[],"class_list":{"0":"post-18231","1":"product","2":"type-product","3":"status-publish","4":"has-post-thumbnail","6":"product_cat-preparation","7":"product_cat-accessoires-preparation","8":"product_cat-coupe-legumes","9":"product_cat-robots-coupe","10":"product_cat-ustensils","12":"first","13":"instock","14":"shipping-taxable","15":"product-type-simple"},"_links":{"self":[{"href":"https:\/\/www.rgequip.com\/index.php?rest_route=\/wp\/v2\/product\/18231","targetHints":{"allow":["GET"]}}],"collection":[{"href":"https:\/\/www.rgequip.com\/index.php?rest_route=\/wp\/v2\/product"}],"about":[{"href":"https:\/\/www.rgequip.com\/index.php?rest_route=\/wp\/v2\/types\/product"}],"replies":[{"embeddable":true,"href":"https:\/\/www.rgequip.com\/index.php?rest_route=%2Fwp%2Fv2%2Fcomments&post=18231"}],"version-history":[{"count":0,"href":"https:\/\/www.rgequip.com\/index.php?rest_route=\/wp\/v2\/product\/18231\/revisions"}],"wp:featuredmedia":[{"embeddable":true,"href":"https:\/\/www.rgequip.com\/index.php?rest_route=\/wp\/v2\/media\/18232"}],"wp:attachment":[{"href":"https:\/\/www.rgequip.com\/index.php?rest_route=%2Fwp%2Fv2%2Fmedia&parent=18231"}],"wp:term":[{"taxonomy":"product_brand","embeddable":true,"href":"https:\/\/www.rgequip.com\/index.php?rest_route=%2Fwp%2Fv2%2Fproduct_brand&post=18231"},{"taxonomy":"product_cat","embeddable":true,"href":"https:\/\/www.rgequip.com\/index.php?rest_route=%2Fwp%2Fv2%2Fproduct_cat&post=18231"},{"taxonomy":"product_tag","embeddable":true,"href":"https:\/\/www.rgequip.com\/index.php?rest_route=%2Fwp%2Fv2%2Fproduct_tag&post=18231"}],"curies":[{"name":"wp","href":"https:\/\/api.w.org\/{rel}","templated":true}]}}