{"id":18208,"date":"2020-07-09T15:24:40","date_gmt":"2020-07-09T13:24:40","guid":{"rendered":"https:\/\/www.rgequip.com\/?post_type=product&#038;p=18208"},"modified":"2021-04-05T13:37:20","modified_gmt":"2021-04-05T11:37:20","slug":"table-dentree-pour-lave-vaisselle-gauche-1400750870-mm","status":"publish","type":"product","link":"https:\/\/www.rgequip.com\/?product=table-dentree-pour-lave-vaisselle-gauche-1400750870-mm","title":{"rendered":"Table D&#8217;entr\u00e9e pour lave-vaisselle Gauche 1400*750*870 mm"},"content":{"rendered":"<p>La construction du produit est en acier inoxydable<br \/>\n*<br \/>\nComptoir d&#8217;\u00a0entr\u00e9e du lave-vaisselle \u00e0 entr\u00e9e gauche\u00a0* 1 pi\u00e8ce d&#8217;\u00e9vier monobloc press\u00e9 press\u00e9 de 500x500x300 mm soud\u00e9 \u00e0 la table sup\u00e9rieure<br \/>\n* Pieds de banc Profil de bo\u00eete 40&#215;40<br \/>\n* Tablette de base de grille en acier inoxydable *<br \/>\nPieds de rotule en plastique r\u00e9glables<\/p>\n","protected":false},"excerpt":{"rendered":"<p>La construction du produit est en acier inoxydable * Comptoir d&#8217;\u00a0entr\u00e9e du lave-vaisselle \u00e0 entr\u00e9e gauche\u00a0* 1 pi\u00e8ce d&#8217;\u00e9vier monobloc<\/p>\n","protected":false},"featured_media":18209,"comment_status":"open","ping_status":"closed","template":"","meta":[],"product_brand":[],"product_cat":[406,393,392,411],"product_tag":[],"class_list":{"0":"post-18208","1":"product","2":"type-product","3":"status-publish","4":"has-post-thumbnail","6":"product_cat-autres-inox","7":"product_cat-lavage","8":"product_cat-laverie-hygiene","9":"product_cat-tables-inox","11":"first","12":"instock","13":"shipping-taxable","14":"product-type-simple"},"_links":{"self":[{"href":"https:\/\/www.rgequip.com\/index.php?rest_route=\/wp\/v2\/product\/18208","targetHints":{"allow":["GET"]}}],"collection":[{"href":"https:\/\/www.rgequip.com\/index.php?rest_route=\/wp\/v2\/product"}],"about":[{"href":"https:\/\/www.rgequip.com\/index.php?rest_route=\/wp\/v2\/types\/product"}],"replies":[{"embeddable":true,"href":"https:\/\/www.rgequip.com\/index.php?rest_route=%2Fwp%2Fv2%2Fcomments&post=18208"}],"version-history":[{"count":0,"href":"https:\/\/www.rgequip.com\/index.php?rest_route=\/wp\/v2\/product\/18208\/revisions"}],"wp:featuredmedia":[{"embeddable":true,"href":"https:\/\/www.rgequip.com\/index.php?rest_route=\/wp\/v2\/media\/18209"}],"wp:attachment":[{"href":"https:\/\/www.rgequip.com\/index.php?rest_route=%2Fwp%2Fv2%2Fmedia&parent=18208"}],"wp:term":[{"taxonomy":"product_brand","embeddable":true,"href":"https:\/\/www.rgequip.com\/index.php?rest_route=%2Fwp%2Fv2%2Fproduct_brand&post=18208"},{"taxonomy":"product_cat","embeddable":true,"href":"https:\/\/www.rgequip.com\/index.php?rest_route=%2Fwp%2Fv2%2Fproduct_cat&post=18208"},{"taxonomy":"product_tag","embeddable":true,"href":"https:\/\/www.rgequip.com\/index.php?rest_route=%2Fwp%2Fv2%2Fproduct_tag&post=18208"}],"curies":[{"name":"wp","href":"https:\/\/api.w.org\/{rel}","templated":true}]}}