{"id":18203,"date":"2020-07-09T14:47:33","date_gmt":"2020-07-09T12:47:33","guid":{"rendered":"https:\/\/www.rgequip.com\/?post_type=product&#038;p=18203"},"modified":"2021-04-05T13:35:14","modified_gmt":"2021-04-05T11:35:14","slug":"table-de-sortie-droite-900700870-mm","status":"publish","type":"product","link":"https:\/\/www.rgequip.com\/?product=table-de-sortie-droite-900700870-mm","title":{"rendered":"Table De Sortie Droite 900*700*870 mm"},"content":{"rendered":"<p>Enti\u00e8rement\u00a0 fabriqu\u00e9s en acier inoxydable<br \/>\nDirectement de la machine de sortie de la machine \u00e0 laver<br \/>\nProfil de la bo\u00eete de la machine 40&#215;40 pieds<br \/>\nGrille en acier inoxydable avec \u00e9tag\u00e8re inf\u00e9rieure<br \/>\nPi\u00e9destal \u00e0 rotule en plastique r\u00e9glable<\/p>\n","protected":false},"excerpt":{"rendered":"<p>Enti\u00e8rement\u00a0 fabriqu\u00e9s en acier inoxydable Directement de la machine de sortie de la machine \u00e0 laver Profil de la bo\u00eete<\/p>\n","protected":false},"featured_media":18204,"comment_status":"open","ping_status":"closed","template":"","meta":[],"product_brand":[],"product_cat":[406,411],"product_tag":[],"class_list":{"0":"post-18203","1":"product","2":"type-product","3":"status-publish","4":"has-post-thumbnail","6":"product_cat-autres-inox","7":"product_cat-tables-inox","9":"first","10":"instock","11":"shipping-taxable","12":"product-type-simple"},"_links":{"self":[{"href":"https:\/\/www.rgequip.com\/index.php?rest_route=\/wp\/v2\/product\/18203","targetHints":{"allow":["GET"]}}],"collection":[{"href":"https:\/\/www.rgequip.com\/index.php?rest_route=\/wp\/v2\/product"}],"about":[{"href":"https:\/\/www.rgequip.com\/index.php?rest_route=\/wp\/v2\/types\/product"}],"replies":[{"embeddable":true,"href":"https:\/\/www.rgequip.com\/index.php?rest_route=%2Fwp%2Fv2%2Fcomments&post=18203"}],"version-history":[{"count":0,"href":"https:\/\/www.rgequip.com\/index.php?rest_route=\/wp\/v2\/product\/18203\/revisions"}],"wp:featuredmedia":[{"embeddable":true,"href":"https:\/\/www.rgequip.com\/index.php?rest_route=\/wp\/v2\/media\/18204"}],"wp:attachment":[{"href":"https:\/\/www.rgequip.com\/index.php?rest_route=%2Fwp%2Fv2%2Fmedia&parent=18203"}],"wp:term":[{"taxonomy":"product_brand","embeddable":true,"href":"https:\/\/www.rgequip.com\/index.php?rest_route=%2Fwp%2Fv2%2Fproduct_brand&post=18203"},{"taxonomy":"product_cat","embeddable":true,"href":"https:\/\/www.rgequip.com\/index.php?rest_route=%2Fwp%2Fv2%2Fproduct_cat&post=18203"},{"taxonomy":"product_tag","embeddable":true,"href":"https:\/\/www.rgequip.com\/index.php?rest_route=%2Fwp%2Fv2%2Fproduct_tag&post=18203"}],"curies":[{"name":"wp","href":"https:\/\/api.w.org\/{rel}","templated":true}]}}