{"id":18201,"date":"2020-07-09T14:41:14","date_gmt":"2020-07-09T12:41:14","guid":{"rendered":"https:\/\/www.rgequip.com\/?post_type=product&#038;p=18201"},"modified":"2020-07-09T14:41:15","modified_gmt":"2020-07-09T12:41:15","slug":"thermotrans-concu-pour-le-transport","status":"publish","type":"product","link":"https:\/\/www.rgequip.com\/?product=thermotrans-concu-pour-le-transport","title":{"rendered":"Thermotrans Con\u00e7u Pour Le Transport"},"content":{"rendered":"<p>Conteneur de transport alimentaire isol\u00e9 thermiquement.<br \/>\nBleu<br \/>\nR\u00e9sistant \u00e0 la chaleur +100 \u00b0 C et au froid -40 \u00b0 C.<br \/>\nSe lave lave au lave-vaisselle.<\/p>\n","protected":false},"excerpt":{"rendered":"<p>Conteneur de transport alimentaire isol\u00e9 thermiquement. Bleu R\u00e9sistant \u00e0 la chaleur +100 \u00b0 C et au froid -40 \u00b0 C.<\/p>\n","protected":false},"featured_media":18202,"comment_status":"open","ping_status":"closed","template":"","meta":[],"product_brand":[],"product_cat":[313,299,309],"product_tag":[],"class_list":{"0":"post-18201","1":"product","2":"type-product","3":"status-publish","4":"has-post-thumbnail","6":"product_cat-maintien-chaud","7":"product_cat-chariot-de-maintien-tc","8":"product_cat-conteneur-isotherme","10":"first","11":"instock","12":"shipping-taxable","13":"product-type-simple"},"_links":{"self":[{"href":"https:\/\/www.rgequip.com\/index.php?rest_route=\/wp\/v2\/product\/18201","targetHints":{"allow":["GET"]}}],"collection":[{"href":"https:\/\/www.rgequip.com\/index.php?rest_route=\/wp\/v2\/product"}],"about":[{"href":"https:\/\/www.rgequip.com\/index.php?rest_route=\/wp\/v2\/types\/product"}],"replies":[{"embeddable":true,"href":"https:\/\/www.rgequip.com\/index.php?rest_route=%2Fwp%2Fv2%2Fcomments&post=18201"}],"version-history":[{"count":0,"href":"https:\/\/www.rgequip.com\/index.php?rest_route=\/wp\/v2\/product\/18201\/revisions"}],"wp:featuredmedia":[{"embeddable":true,"href":"https:\/\/www.rgequip.com\/index.php?rest_route=\/wp\/v2\/media\/18202"}],"wp:attachment":[{"href":"https:\/\/www.rgequip.com\/index.php?rest_route=%2Fwp%2Fv2%2Fmedia&parent=18201"}],"wp:term":[{"taxonomy":"product_brand","embeddable":true,"href":"https:\/\/www.rgequip.com\/index.php?rest_route=%2Fwp%2Fv2%2Fproduct_brand&post=18201"},{"taxonomy":"product_cat","embeddable":true,"href":"https:\/\/www.rgequip.com\/index.php?rest_route=%2Fwp%2Fv2%2Fproduct_cat&post=18201"},{"taxonomy":"product_tag","embeddable":true,"href":"https:\/\/www.rgequip.com\/index.php?rest_route=%2Fwp%2Fv2%2Fproduct_tag&post=18201"}],"curies":[{"name":"wp","href":"https:\/\/api.w.org\/{rel}","templated":true}]}}