{"id":18199,"date":"2020-07-09T14:22:35","date_gmt":"2020-07-09T12:22:35","guid":{"rendered":"https:\/\/www.rgequip.com\/?post_type=product&#038;p=18199"},"modified":"2020-07-09T15:50:59","modified_gmt":"2020-07-09T13:50:59","slug":"ouvre-boite-inox-18-8-avec-fixation-sur-table-400-mm","status":"publish","type":"product","link":"https:\/\/www.rgequip.com\/?product=ouvre-boite-inox-18-8-avec-fixation-sur-table-400-mm","title":{"rendered":"Ouvre Boite Inox 18\/8 avec fixation sur table 400 mm"},"content":{"rendered":"<p>Y compris dispositif de montage sur table.\u00a0Convient aux bo\u00eetes jusqu&#8217;\u00e0 335 mm.<\/p>\n<p>se n\u00e9toi aussi au lave-vaiselle<\/p>\n","protected":false},"excerpt":{"rendered":"<p>Y compris dispositif de montage sur table.\u00a0Convient aux bo\u00eetes jusqu&#8217;\u00e0 335 mm. se n\u00e9toi aussi au lave-vaiselle<\/p>\n","protected":false},"featured_media":18217,"comment_status":"open","ping_status":"closed","template":"","meta":[],"product_brand":[],"product_cat":[337,340,355],"product_tag":[],"class_list":{"0":"post-18199","1":"product","2":"type-product","3":"status-publish","4":"has-post-thumbnail","6":"product_cat-preparation","7":"product_cat-accessoires-preparation","8":"product_cat-ustensils","10":"first","11":"instock","12":"shipping-taxable","13":"product-type-simple"},"_links":{"self":[{"href":"https:\/\/www.rgequip.com\/index.php?rest_route=\/wp\/v2\/product\/18199","targetHints":{"allow":["GET"]}}],"collection":[{"href":"https:\/\/www.rgequip.com\/index.php?rest_route=\/wp\/v2\/product"}],"about":[{"href":"https:\/\/www.rgequip.com\/index.php?rest_route=\/wp\/v2\/types\/product"}],"replies":[{"embeddable":true,"href":"https:\/\/www.rgequip.com\/index.php?rest_route=%2Fwp%2Fv2%2Fcomments&post=18199"}],"version-history":[{"count":0,"href":"https:\/\/www.rgequip.com\/index.php?rest_route=\/wp\/v2\/product\/18199\/revisions"}],"wp:featuredmedia":[{"embeddable":true,"href":"https:\/\/www.rgequip.com\/index.php?rest_route=\/wp\/v2\/media\/18217"}],"wp:attachment":[{"href":"https:\/\/www.rgequip.com\/index.php?rest_route=%2Fwp%2Fv2%2Fmedia&parent=18199"}],"wp:term":[{"taxonomy":"product_brand","embeddable":true,"href":"https:\/\/www.rgequip.com\/index.php?rest_route=%2Fwp%2Fv2%2Fproduct_brand&post=18199"},{"taxonomy":"product_cat","embeddable":true,"href":"https:\/\/www.rgequip.com\/index.php?rest_route=%2Fwp%2Fv2%2Fproduct_cat&post=18199"},{"taxonomy":"product_tag","embeddable":true,"href":"https:\/\/www.rgequip.com\/index.php?rest_route=%2Fwp%2Fv2%2Fproduct_tag&post=18199"}],"curies":[{"name":"wp","href":"https:\/\/api.w.org\/{rel}","templated":true}]}}