{"id":18197,"date":"2020-07-09T14:20:22","date_gmt":"2020-07-09T12:20:22","guid":{"rendered":"https:\/\/www.rgequip.com\/?post_type=product&#038;p=18197"},"modified":"2021-03-31T11:20:49","modified_gmt":"2021-03-31T09:20:49","slug":"lave-vaisselle-a-capot-mecanique","status":"publish","type":"product","link":"https:\/\/www.rgequip.com\/?product=lave-vaisselle-a-capot-mecanique","title":{"rendered":"Lave-vaisselle \u00e0 capot m\u00e9canique"},"content":{"rendered":"<p>Corps, cuve de lavage et chaudi\u00e8re en acier inoxydable<\/p>\n<p>Cuve de lavage monobloc \u00e0 coins arrondis &#8211; Hygi\u00e9nique<\/p>\n<p>Capacit\u00e9 maximale 69 rack \/ h (50 cm * 50 cm)<\/p>\n<p>2,8 lt d&#8217;eau par cycle\u00a0 3 programmes de lavage (52\/102\/132 sn.)<\/p>\n<p>Bras de lavage en polypropyl\u00e8ne PP<\/p>\n<p>Bras de lavage en acier inoxydable en option.<\/p>\n<p>Contient un filtre de r\u00e9servoir en acier inoxydable.<\/p>\n<p>Pieds r\u00e9glables pour l&#8217;optimisation de la hauteur<\/p>\n<p>D\u00e9marrage facile: bouton unique pour le remplissage et le chauffage de l&#8217;eau dans le r\u00e9servoir de la chaudi\u00e8re<\/p>\n<p>Composants \u00e9lectriques et c\u00e2blage selon les normes internationales et les r\u00e9glementations de s\u00e9curit\u00e9<\/p>\n<p>Contr\u00f4l\u00e9 par thermostat,<\/p>\n","protected":false},"excerpt":{"rendered":"<p><strong>071M.11110.BB<\/strong><\/p>\n<p><strong>LAVE-VAISSELLE A CAPOT<\/strong><\/p>\n<p>Dim\u00a0: 785*700*1480 (1960) mm<\/p>\n<p>Cap\u00a0: 1108 Plate\/heure<\/p>\n<p>Puis\u00a0: 9,66 KW<\/p>\n<p>Tension\u00a0: 40V-3NPE<\/p>\n<p>Fr\u00e9quence\u00a0: 50 HZ<\/p>\n","protected":false},"featured_media":18200,"comment_status":"open","ping_status":"closed","template":"","meta":[],"product_brand":[],"product_cat":[392,393,396],"product_tag":[],"class_list":{"0":"post-18197","1":"product","2":"type-product","3":"status-publish","4":"has-post-thumbnail","6":"product_cat-laverie-hygiene","7":"product_cat-lavage","8":"product_cat-lave-vaisselle","10":"first","11":"instock","12":"shipping-taxable","13":"product-type-simple"},"_links":{"self":[{"href":"https:\/\/www.rgequip.com\/index.php?rest_route=\/wp\/v2\/product\/18197","targetHints":{"allow":["GET"]}}],"collection":[{"href":"https:\/\/www.rgequip.com\/index.php?rest_route=\/wp\/v2\/product"}],"about":[{"href":"https:\/\/www.rgequip.com\/index.php?rest_route=\/wp\/v2\/types\/product"}],"replies":[{"embeddable":true,"href":"https:\/\/www.rgequip.com\/index.php?rest_route=%2Fwp%2Fv2%2Fcomments&post=18197"}],"version-history":[{"count":0,"href":"https:\/\/www.rgequip.com\/index.php?rest_route=\/wp\/v2\/product\/18197\/revisions"}],"wp:featuredmedia":[{"embeddable":true,"href":"https:\/\/www.rgequip.com\/index.php?rest_route=\/wp\/v2\/media\/18200"}],"wp:attachment":[{"href":"https:\/\/www.rgequip.com\/index.php?rest_route=%2Fwp%2Fv2%2Fmedia&parent=18197"}],"wp:term":[{"taxonomy":"product_brand","embeddable":true,"href":"https:\/\/www.rgequip.com\/index.php?rest_route=%2Fwp%2Fv2%2Fproduct_brand&post=18197"},{"taxonomy":"product_cat","embeddable":true,"href":"https:\/\/www.rgequip.com\/index.php?rest_route=%2Fwp%2Fv2%2Fproduct_cat&post=18197"},{"taxonomy":"product_tag","embeddable":true,"href":"https:\/\/www.rgequip.com\/index.php?rest_route=%2Fwp%2Fv2%2Fproduct_tag&post=18197"}],"curies":[{"name":"wp","href":"https:\/\/api.w.org\/{rel}","templated":true}]}}