{"id":18193,"date":"2020-07-09T14:11:40","date_gmt":"2020-07-09T12:11:40","guid":{"rendered":"https:\/\/www.rgequip.com\/?post_type=product&#038;p=18193"},"modified":"2020-09-14T18:26:37","modified_gmt":"2020-09-14T16:26:37","slug":"couteau-chef-240-mm-vert","status":"publish","type":"product","link":"https:\/\/www.rgequip.com\/?product=couteau-chef-240-mm-vert","title":{"rendered":"Couteau Chef 240 mm vert"},"content":{"rendered":"<p>Manche en polypropyl\u00e8ne conforme aux normes HACCP.<br \/>\nChaque couteau s&#8217;emballe individuellement dans un blister en PVC.<br \/>\nAvec manche en plastique POM vert<\/p>\n<p>id\u00e9al pour d\u00e9couper le l\u00e9gume<\/p>\n<p>&nbsp;<\/p>\n","protected":false},"excerpt":{"rendered":"<p>Manche en polypropyl\u00e8ne conforme aux normes HACCP. Chaque couteau s&#8217;emballe individuellement dans un blister en PVC. Avec manche en plastique<\/p>\n","protected":false},"featured_media":18612,"comment_status":"open","ping_status":"closed","template":"","meta":[],"product_brand":[],"product_cat":[337,340,364,344,355],"product_tag":[],"class_list":{"0":"post-18193","1":"product","2":"type-product","3":"status-publish","4":"has-post-thumbnail","6":"product_cat-preparation","7":"product_cat-accessoires-preparation","8":"product_cat-coupe-legumes-travail-des-legumes","9":"product_cat-travail-des-legumes","10":"product_cat-ustensils","12":"first","13":"instock","14":"shipping-taxable","15":"product-type-simple"},"_links":{"self":[{"href":"https:\/\/www.rgequip.com\/index.php?rest_route=\/wp\/v2\/product\/18193","targetHints":{"allow":["GET"]}}],"collection":[{"href":"https:\/\/www.rgequip.com\/index.php?rest_route=\/wp\/v2\/product"}],"about":[{"href":"https:\/\/www.rgequip.com\/index.php?rest_route=\/wp\/v2\/types\/product"}],"replies":[{"embeddable":true,"href":"https:\/\/www.rgequip.com\/index.php?rest_route=%2Fwp%2Fv2%2Fcomments&post=18193"}],"version-history":[{"count":1,"href":"https:\/\/www.rgequip.com\/index.php?rest_route=\/wp\/v2\/product\/18193\/revisions"}],"predecessor-version":[{"id":18611,"href":"https:\/\/www.rgequip.com\/index.php?rest_route=\/wp\/v2\/product\/18193\/revisions\/18611"}],"wp:featuredmedia":[{"embeddable":true,"href":"https:\/\/www.rgequip.com\/index.php?rest_route=\/wp\/v2\/media\/18612"}],"wp:attachment":[{"href":"https:\/\/www.rgequip.com\/index.php?rest_route=%2Fwp%2Fv2%2Fmedia&parent=18193"}],"wp:term":[{"taxonomy":"product_brand","embeddable":true,"href":"https:\/\/www.rgequip.com\/index.php?rest_route=%2Fwp%2Fv2%2Fproduct_brand&post=18193"},{"taxonomy":"product_cat","embeddable":true,"href":"https:\/\/www.rgequip.com\/index.php?rest_route=%2Fwp%2Fv2%2Fproduct_cat&post=18193"},{"taxonomy":"product_tag","embeddable":true,"href":"https:\/\/www.rgequip.com\/index.php?rest_route=%2Fwp%2Fv2%2Fproduct_tag&post=18193"}],"curies":[{"name":"wp","href":"https:\/\/api.w.org\/{rel}","templated":true}]}}