{"id":18180,"date":"2020-07-09T13:24:10","date_gmt":"2020-07-09T11:24:10","guid":{"rendered":"https:\/\/www.rgequip.com\/?post_type=product&#038;p=18180"},"modified":"2020-07-09T13:28:54","modified_gmt":"2020-07-09T11:28:54","slug":"couteau-eplucheur","status":"publish","type":"product","link":"https:\/\/www.rgequip.com\/?product=couteau-eplucheur","title":{"rendered":"Couteau Eplucheur"},"content":{"rendered":"<p>Couteaux forg\u00e9s \u00e0 chaud \u00e0 partir d&#8217;un seul flan en acier inoxydable allemand \u00e0 haute teneur en carbone.<\/p>\n<p>L&#8217;acier\u00a0 garantit les caract\u00e9ristiques suivantes:<\/p>\n<ul>\n<li>il est tranchant comme un rasoir<\/li>\n<li>avec un tranchant durable<\/li>\n<li>le tranchant est facilement restaurable<\/li>\n<li>il a une haute r\u00e9sistance aux taches<\/li>\n<\/ul>\n<p>La poign\u00e9e combine \u00e9quilibre, s\u00e9curit\u00e9, poids et contr\u00f4le avec un look exclusif.<\/p>\n<p>&nbsp;<\/p>\n","protected":false},"excerpt":{"rendered":"<p>Couteaux forg\u00e9s \u00e0 chaud \u00e0 partir d&#8217;un seul flan en acier inoxydable allemand \u00e0 haute teneur en carbone. L&#8217;acier\u00a0 garantit<\/p>\n","protected":false},"featured_media":18181,"comment_status":"open","ping_status":"closed","template":"","meta":[],"product_brand":[],"product_cat":[337,340,365,344,355],"product_tag":[],"class_list":{"0":"post-18180","1":"product","2":"type-product","3":"status-publish","4":"has-post-thumbnail","6":"product_cat-preparation","7":"product_cat-accessoires-preparation","8":"product_cat-eplucheurs-de-pommes","9":"product_cat-travail-des-legumes","10":"product_cat-ustensils","12":"first","13":"instock","14":"shipping-taxable","15":"product-type-simple"},"_links":{"self":[{"href":"https:\/\/www.rgequip.com\/index.php?rest_route=\/wp\/v2\/product\/18180","targetHints":{"allow":["GET"]}}],"collection":[{"href":"https:\/\/www.rgequip.com\/index.php?rest_route=\/wp\/v2\/product"}],"about":[{"href":"https:\/\/www.rgequip.com\/index.php?rest_route=\/wp\/v2\/types\/product"}],"replies":[{"embeddable":true,"href":"https:\/\/www.rgequip.com\/index.php?rest_route=%2Fwp%2Fv2%2Fcomments&post=18180"}],"version-history":[{"count":0,"href":"https:\/\/www.rgequip.com\/index.php?rest_route=\/wp\/v2\/product\/18180\/revisions"}],"wp:featuredmedia":[{"embeddable":true,"href":"https:\/\/www.rgequip.com\/index.php?rest_route=\/wp\/v2\/media\/18181"}],"wp:attachment":[{"href":"https:\/\/www.rgequip.com\/index.php?rest_route=%2Fwp%2Fv2%2Fmedia&parent=18180"}],"wp:term":[{"taxonomy":"product_brand","embeddable":true,"href":"https:\/\/www.rgequip.com\/index.php?rest_route=%2Fwp%2Fv2%2Fproduct_brand&post=18180"},{"taxonomy":"product_cat","embeddable":true,"href":"https:\/\/www.rgequip.com\/index.php?rest_route=%2Fwp%2Fv2%2Fproduct_cat&post=18180"},{"taxonomy":"product_tag","embeddable":true,"href":"https:\/\/www.rgequip.com\/index.php?rest_route=%2Fwp%2Fv2%2Fproduct_tag&post=18180"}],"curies":[{"name":"wp","href":"https:\/\/api.w.org\/{rel}","templated":true}]}}