{"id":18176,"date":"2020-07-09T12:56:40","date_gmt":"2020-07-09T10:56:40","guid":{"rendered":"https:\/\/www.rgequip.com\/?post_type=product&#038;p=18176"},"modified":"2020-07-09T12:56:41","modified_gmt":"2020-07-09T10:56:41","slug":"planche-a-decouper-verte-60040004-mm","status":"publish","type":"product","link":"https:\/\/www.rgequip.com\/?product=planche-a-decouper-verte-60040004-mm","title":{"rendered":"Planche A D\u00e9couper Verte 600*400*04 mm"},"content":{"rendered":"<p>Cette planche \u00e0 d\u00e9couper professionnelle est tout particuli\u00e8rement utilis\u00e9e pour la\u00a0<strong>d\u00e9coupe des l\u00e9gumes<\/strong>. \u00a0Les professionnels utiliseront une\u00a0<a href=\"https:\/\/www.colichef.fr\/fr\/planches-a-decouper\/1149-planche-a-decouper-blanche-8712591094383.html\" target=\"_blank\">planche \u00e0 d\u00e9couper blanche<\/a>\u00a0pour toutes leurs d\u00e9coupes,\u00a0une<a href=\"https:\/\/www.colichef.fr\/fr\/planches-a-decouper\/1151-planche-a-decouper-bleu-8712591094635.html\" target=\"_blank\">\u00a0bleu pour le poisson<\/a>, une\u00a0<a href=\"https:\/\/www.colichef.fr\/fr\/planches-a-decouper\/1152-planche-a-decouper-jaune-8712591094871.html\" target=\"_blank\">jaune pour la volaille<\/a>, une\u00a0<a href=\"https:\/\/www.colichef.fr\/fr\/planches-a-decouper\/1153-planche-a-decouper-verte-8712591094710.html\" target=\"_blank\">verte pour les fruits \/ l\u00e9gumes<\/a>\u00a0et\u00a0<a href=\"https:\/\/www.colichef.fr\/fr\/planches-a-decouper\/1154-planche-a-decouper-brune-8712591094796.html\" target=\"_blank\">une brune pour le r\u00f4ti\u00a0<\/a>.\u00a0Ces\u00a0diff\u00e9rents coloris permettent d&#8217;\u00e9viter le risque de contamination crois\u00e9e. Une planche par utilisation ! Id\u00e9al pour satisfaire toutes les exigences HACCP. Ces planches en poly\u00e9thyl\u00e8ne\u00a0sont non-absorbantes, inodores, non-toxiques et r\u00e9sistantes \u00e0 l&#8217;humidit\u00e9. Attention \u00e0 ne pas les placer pr\u00e8s d&#8217;une source de chaleur. Il est possible d&#8217;utiliser un\u00a0<a href=\"https:\/\/www.colichef.fr\/fr\/planches-a-decouper\/1157-racloir-a-planches-polyethylene-3334491390058.html\" target=\"_blank\">racloir \u00e0 planches<\/a>\u00a0pour s&#8217;assurer que celles-ci soient toujours lisses et impeccables .<\/p>\n<p>&nbsp;<\/p>\n<p>Planche \u00e0 d\u00e9couper professionnelle\u00a0 particuli\u00e8rement utilis\u00e9e pour la d\u00e9coupe des l\u00e9gumes .<br \/>\nId\u00e9al pour satisfaire toutes les exigences des normes en vigueur<br \/>\nCette planche prend peu de place dans votre cuisine<\/p>\n","protected":false},"excerpt":{"rendered":"<p>Cette planche \u00e0 d\u00e9couper professionnelle est tout particuli\u00e8rement utilis\u00e9e pour la\u00a0d\u00e9coupe des l\u00e9gumes. \u00a0Les professionnels utiliseront une\u00a0planche \u00e0 d\u00e9couper blanche\u00a0pour<\/p>\n","protected":false},"featured_media":18179,"comment_status":"open","ping_status":"closed","template":"","meta":[],"product_brand":[],"product_cat":[337,340,356],"product_tag":[],"class_list":{"0":"post-18176","1":"product","2":"type-product","3":"status-publish","4":"has-post-thumbnail","6":"product_cat-preparation","7":"product_cat-accessoires-preparation","8":"product_cat-planches-a-decouper","10":"first","11":"instock","12":"shipping-taxable","13":"product-type-simple"},"_links":{"self":[{"href":"https:\/\/www.rgequip.com\/index.php?rest_route=\/wp\/v2\/product\/18176","targetHints":{"allow":["GET"]}}],"collection":[{"href":"https:\/\/www.rgequip.com\/index.php?rest_route=\/wp\/v2\/product"}],"about":[{"href":"https:\/\/www.rgequip.com\/index.php?rest_route=\/wp\/v2\/types\/product"}],"replies":[{"embeddable":true,"href":"https:\/\/www.rgequip.com\/index.php?rest_route=%2Fwp%2Fv2%2Fcomments&post=18176"}],"version-history":[{"count":0,"href":"https:\/\/www.rgequip.com\/index.php?rest_route=\/wp\/v2\/product\/18176\/revisions"}],"wp:featuredmedia":[{"embeddable":true,"href":"https:\/\/www.rgequip.com\/index.php?rest_route=\/wp\/v2\/media\/18179"}],"wp:attachment":[{"href":"https:\/\/www.rgequip.com\/index.php?rest_route=%2Fwp%2Fv2%2Fmedia&parent=18176"}],"wp:term":[{"taxonomy":"product_brand","embeddable":true,"href":"https:\/\/www.rgequip.com\/index.php?rest_route=%2Fwp%2Fv2%2Fproduct_brand&post=18176"},{"taxonomy":"product_cat","embeddable":true,"href":"https:\/\/www.rgequip.com\/index.php?rest_route=%2Fwp%2Fv2%2Fproduct_cat&post=18176"},{"taxonomy":"product_tag","embeddable":true,"href":"https:\/\/www.rgequip.com\/index.php?rest_route=%2Fwp%2Fv2%2Fproduct_tag&post=18176"}],"curies":[{"name":"wp","href":"https:\/\/api.w.org\/{rel}","templated":true}]}}