{"id":18168,"date":"2020-07-09T11:55:11","date_gmt":"2020-07-09T09:55:11","guid":{"rendered":"https:\/\/www.rgequip.com\/?post_type=product&#038;p=18168"},"modified":"2020-07-09T12:20:59","modified_gmt":"2020-07-09T10:20:59","slug":"vitrine-refrigeree-droite-12007001350-mm","status":"publish","type":"product","link":"https:\/\/www.rgequip.com\/?product=vitrine-refrigeree-droite-12007001350-mm","title":{"rendered":"Vitrine Chaude Droite 1200*700*1350 mm"},"content":{"rendered":"<p>Vitrine, gaz r\u00e9frig\u00e9rant R134A, souffl\u00e9,<br \/>\nEnviron 850 watts de puissance fonctionnant \u00e0 + 4 \/ + 6 \u00b0 C de temp\u00e9ratures,<br \/>\nVerres coulissants dans la partie utilisateur, double vitrage 10 mm, thermostat avec thermostat,<br \/>\nCapacit\u00e9 d&#8217;environ 290 lt,<\/p>\n","protected":false},"excerpt":{"rendered":"<p>Vitrine, gaz r\u00e9frig\u00e9rant R134A, souffl\u00e9, Environ 850 watts de puissance fonctionnant \u00e0 + 4 \/ + 6 \u00b0 C de<\/p>\n","protected":false},"featured_media":18169,"comment_status":"open","ping_status":"closed","template":"","meta":[],"product_brand":[],"product_cat":[313,297,305],"product_tag":[],"class_list":{"0":"post-18168","1":"product","2":"type-product","3":"status-publish","4":"has-post-thumbnail","6":"product_cat-maintien-chaud","7":"product_cat-presentation-chaude","8":"product_cat-vitrine-chaude","10":"first","11":"instock","12":"shipping-taxable","13":"product-type-simple"},"_links":{"self":[{"href":"https:\/\/www.rgequip.com\/index.php?rest_route=\/wp\/v2\/product\/18168","targetHints":{"allow":["GET"]}}],"collection":[{"href":"https:\/\/www.rgequip.com\/index.php?rest_route=\/wp\/v2\/product"}],"about":[{"href":"https:\/\/www.rgequip.com\/index.php?rest_route=\/wp\/v2\/types\/product"}],"replies":[{"embeddable":true,"href":"https:\/\/www.rgequip.com\/index.php?rest_route=%2Fwp%2Fv2%2Fcomments&post=18168"}],"version-history":[{"count":0,"href":"https:\/\/www.rgequip.com\/index.php?rest_route=\/wp\/v2\/product\/18168\/revisions"}],"wp:featuredmedia":[{"embeddable":true,"href":"https:\/\/www.rgequip.com\/index.php?rest_route=\/wp\/v2\/media\/18169"}],"wp:attachment":[{"href":"https:\/\/www.rgequip.com\/index.php?rest_route=%2Fwp%2Fv2%2Fmedia&parent=18168"}],"wp:term":[{"taxonomy":"product_brand","embeddable":true,"href":"https:\/\/www.rgequip.com\/index.php?rest_route=%2Fwp%2Fv2%2Fproduct_brand&post=18168"},{"taxonomy":"product_cat","embeddable":true,"href":"https:\/\/www.rgequip.com\/index.php?rest_route=%2Fwp%2Fv2%2Fproduct_cat&post=18168"},{"taxonomy":"product_tag","embeddable":true,"href":"https:\/\/www.rgequip.com\/index.php?rest_route=%2Fwp%2Fv2%2Fproduct_tag&post=18168"}],"curies":[{"name":"wp","href":"https:\/\/api.w.org\/{rel}","templated":true}]}}