{"id":18164,"date":"2020-07-09T12:05:35","date_gmt":"2020-07-09T10:05:35","guid":{"rendered":"https:\/\/www.rgequip.com\/?post_type=product&#038;p=18164"},"modified":"2020-07-22T17:31:34","modified_gmt":"2020-07-22T15:31:34","slug":"four-a-pizza-6-pizzas","status":"publish","type":"product","link":"https:\/\/www.rgequip.com\/?product=four-a-pizza-6-pizzas","title":{"rendered":"Four \u00e0 Pizza (6 pizzas)"},"content":{"rendered":"<p>Les\u00a0<b>fours<\/b>\u00a0\u00e0\u00a0<b>pizza \u00e9lectrique<\/b>\u00a0professionnels permettent de monter tr\u00e8s rapidement en temp\u00e9rature tout en maintenant une chaleur constante dans l&#8217;enceinte de cuisson lors du service.<\/p>\n<p>El\u00e9ments en acier inoxydable.<\/p>\n<p>Isolation thermique totale gr\u00e2ce \u00e0 une \u00e9paisseur de 6 cm de laine de roche.<br \/>\nFour \u00e0 pizza \u00e9lectrique d&#8217;une capacit\u00e9 de 6pizza de \u00d8 30 cm<br \/>\nThermostat de contr\u00f4le de temp\u00e9rature.<\/p>\n<p>Sol en pierre r\u00e9fractaire 20 mm d\u2019\u00e9paisseur.<\/p>\n<p><span>\u00a0\u00c9tage unique. <\/span><\/p>\n<p><span>\u00a0Temp.\u00a0<\/span><span>Plage de 50 \u00e0 500 \u00b0 C.\u00a0<\/span><\/p>\n","protected":false},"excerpt":{"rendered":"<p>Les\u00a0fours\u00a0\u00e0\u00a0pizza \u00e9lectrique\u00a0professionnels permettent de monter tr\u00e8s rapidement en temp\u00e9rature tout en maintenant une chaleur constante dans l&#8217;enceinte de cuisson lors<\/p>\n","protected":false},"featured_media":18166,"comment_status":"open","ping_status":"closed","template":"","meta":[],"product_brand":[],"product_cat":[226,252,232],"product_tag":[],"class_list":{"0":"post-18164","1":"product","2":"type-product","3":"status-publish","4":"has-post-thumbnail","6":"product_cat-cuisson","7":"product_cat-fours-a-gaz","8":"product_cat-fours-pizza","10":"first","11":"instock","12":"shipping-taxable","13":"product-type-simple"},"_links":{"self":[{"href":"https:\/\/www.rgequip.com\/index.php?rest_route=\/wp\/v2\/product\/18164","targetHints":{"allow":["GET"]}}],"collection":[{"href":"https:\/\/www.rgequip.com\/index.php?rest_route=\/wp\/v2\/product"}],"about":[{"href":"https:\/\/www.rgequip.com\/index.php?rest_route=\/wp\/v2\/types\/product"}],"replies":[{"embeddable":true,"href":"https:\/\/www.rgequip.com\/index.php?rest_route=%2Fwp%2Fv2%2Fcomments&post=18164"}],"version-history":[{"count":0,"href":"https:\/\/www.rgequip.com\/index.php?rest_route=\/wp\/v2\/product\/18164\/revisions"}],"wp:featuredmedia":[{"embeddable":true,"href":"https:\/\/www.rgequip.com\/index.php?rest_route=\/wp\/v2\/media\/18166"}],"wp:attachment":[{"href":"https:\/\/www.rgequip.com\/index.php?rest_route=%2Fwp%2Fv2%2Fmedia&parent=18164"}],"wp:term":[{"taxonomy":"product_brand","embeddable":true,"href":"https:\/\/www.rgequip.com\/index.php?rest_route=%2Fwp%2Fv2%2Fproduct_brand&post=18164"},{"taxonomy":"product_cat","embeddable":true,"href":"https:\/\/www.rgequip.com\/index.php?rest_route=%2Fwp%2Fv2%2Fproduct_cat&post=18164"},{"taxonomy":"product_tag","embeddable":true,"href":"https:\/\/www.rgequip.com\/index.php?rest_route=%2Fwp%2Fv2%2Fproduct_tag&post=18164"}],"curies":[{"name":"wp","href":"https:\/\/api.w.org\/{rel}","templated":true}]}}