{"id":18160,"date":"2020-07-09T11:15:19","date_gmt":"2020-07-09T09:15:19","guid":{"rendered":"https:\/\/www.rgequip.com\/?post_type=product&#038;p=18160"},"modified":"2020-07-09T11:22:46","modified_gmt":"2020-07-09T09:22:46","slug":"machine-a-kebab-gaz-3-radians","status":"publish","type":"product","link":"https:\/\/www.rgequip.com\/?product=machine-a-kebab-gaz-3-radians","title":{"rendered":"Machine \u00e0 Kebab Gaz 3 Radians"},"content":{"rendered":"<p>C&#8217;est un appareil certifier CE, Il a:<\/p>\n<ul>\n<li>un entra\u00eenement inf\u00e9rieur,<\/li>\n<li>un \u00e9vent de s\u00e9curit\u00e9<\/li>\n<li>un c\u00f4t\u00e9 inf\u00e9rieur avec le chauffage.<\/li>\n<li>un corps est en acier inoxydable<\/li>\n<li>\u00a0un moteur \u00e9lectrique fait tourner la viande \u00e0 gauche et \u00e0 droite avec 1 tr \/ min.<\/li>\n<li>un puissance du moteur \u00e9lectrique est de 3,7 W.<\/li>\n<li>des br\u00fbleurs\u00a0 fonctionnent ind\u00e9pendamment.<\/li>\n<\/ul>\n<p>&nbsp;<\/p>\n","protected":false},"excerpt":{"rendered":"<p>C&#8217;est un appareil certifier CE, Il a: un entra\u00eenement inf\u00e9rieur, un \u00e9vent de s\u00e9curit\u00e9 un c\u00f4t\u00e9 inf\u00e9rieur avec le chauffage.<\/p>\n","protected":false},"featured_media":18162,"comment_status":"open","ping_status":"closed","template":"","meta":[],"product_brand":[],"product_cat":[226,263,235],"product_tag":[],"class_list":{"0":"post-18160","1":"product","2":"type-product","3":"status-publish","4":"has-post-thumbnail","6":"product_cat-cuisson","7":"product_cat-kebab","8":"product_cat-snacking","10":"first","11":"instock","12":"shipping-taxable","13":"product-type-simple"},"_links":{"self":[{"href":"https:\/\/www.rgequip.com\/index.php?rest_route=\/wp\/v2\/product\/18160","targetHints":{"allow":["GET"]}}],"collection":[{"href":"https:\/\/www.rgequip.com\/index.php?rest_route=\/wp\/v2\/product"}],"about":[{"href":"https:\/\/www.rgequip.com\/index.php?rest_route=\/wp\/v2\/types\/product"}],"replies":[{"embeddable":true,"href":"https:\/\/www.rgequip.com\/index.php?rest_route=%2Fwp%2Fv2%2Fcomments&post=18160"}],"version-history":[{"count":0,"href":"https:\/\/www.rgequip.com\/index.php?rest_route=\/wp\/v2\/product\/18160\/revisions"}],"wp:featuredmedia":[{"embeddable":true,"href":"https:\/\/www.rgequip.com\/index.php?rest_route=\/wp\/v2\/media\/18162"}],"wp:attachment":[{"href":"https:\/\/www.rgequip.com\/index.php?rest_route=%2Fwp%2Fv2%2Fmedia&parent=18160"}],"wp:term":[{"taxonomy":"product_brand","embeddable":true,"href":"https:\/\/www.rgequip.com\/index.php?rest_route=%2Fwp%2Fv2%2Fproduct_brand&post=18160"},{"taxonomy":"product_cat","embeddable":true,"href":"https:\/\/www.rgequip.com\/index.php?rest_route=%2Fwp%2Fv2%2Fproduct_cat&post=18160"},{"taxonomy":"product_tag","embeddable":true,"href":"https:\/\/www.rgequip.com\/index.php?rest_route=%2Fwp%2Fv2%2Fproduct_tag&post=18160"}],"curies":[{"name":"wp","href":"https:\/\/api.w.org\/{rel}","templated":true}]}}