{"id":18158,"date":"2020-07-09T11:15:22","date_gmt":"2020-07-09T09:15:22","guid":{"rendered":"https:\/\/www.rgequip.com\/?post_type=product&#038;p=18158"},"modified":"2020-07-09T11:15:22","modified_gmt":"2020-07-09T09:15:22","slug":"grill-a-gaz-lisse","status":"publish","type":"product","link":"https:\/\/www.rgequip.com\/?product=grill-a-gaz-lisse","title":{"rendered":"Grill \u00e0 Gaz Lisse"},"content":{"rendered":"<p>Construction enti\u00e8rement en acier inoxydable con\u00e7ue pour \u00e9viter toute infiltration.<\/p>\n<p>Premi\u00e8rement,l&#8217;Espace arri\u00e8re est con\u00e7u pour \u00e9quiper les mat\u00e9riaux d&#8217;installation de gaz, d&#8217;\u00e9lectricit\u00e9 et d&#8217;eau.<\/p>\n<p>Appareils au gaz fournis pour une utilisation avec du gaz naturel ou GPL, jets de conversion fournis en standard.<\/p>\n<p>De m\u00eame, son syst\u00e8me d&#8217;assemblage donne la possibilit\u00e9 de modifier ou de remplacer les appareils m\u00eame longtemps apr\u00e8s leur installation.<\/p>\n<p>Protections anti-\u00e9claboussures hautes en acier inoxydable \u00e0 l&#8217;arri\u00e8re et sur les c\u00f4t\u00e9s de la surface de cuisson pour un confort de fonctionnement<\/p>\n<p>Grand trou de vidange sur la surface de cuisson pour faciliter le fonctionnement et le nettoyage.<\/p>\n<p>Plaque en acier doux \u00ablisse\u00bb de 8 mm d&#8217;\u00e9paisseur contenue dans une cavit\u00e9 \u00e9tanche pour une cuisson plus efficace<\/p>\n<p>Grand tiroir de r\u00e9cup\u00e9ration des graisses d&#8217;une capacit\u00e9 de 1 litre pour une cuisson ininterrompue<\/p>\n<p>Allumage par \u00e9tincelle piezzo<\/p>\n<p>Chauffage rapide avec br\u00fbleurs en acier inoxydable<\/p>\n","protected":false},"excerpt":{"rendered":"<p>Construction enti\u00e8rement en acier inoxydable con\u00e7ue pour \u00e9viter toute infiltration. Premi\u00e8rement,l&#8217;Espace arri\u00e8re est con\u00e7u pour \u00e9quiper les mat\u00e9riaux d&#8217;installation de<\/p>\n","protected":false},"featured_media":18163,"comment_status":"open","ping_status":"closed","template":"","meta":[],"product_brand":[],"product_cat":[226,261,235],"product_tag":[],"class_list":{"0":"post-18158","1":"product","2":"type-product","3":"status-publish","4":"has-post-thumbnail","6":"product_cat-cuisson","7":"product_cat-plancha","8":"product_cat-snacking","10":"first","11":"instock","12":"shipping-taxable","13":"product-type-simple"},"_links":{"self":[{"href":"https:\/\/www.rgequip.com\/index.php?rest_route=\/wp\/v2\/product\/18158","targetHints":{"allow":["GET"]}}],"collection":[{"href":"https:\/\/www.rgequip.com\/index.php?rest_route=\/wp\/v2\/product"}],"about":[{"href":"https:\/\/www.rgequip.com\/index.php?rest_route=\/wp\/v2\/types\/product"}],"replies":[{"embeddable":true,"href":"https:\/\/www.rgequip.com\/index.php?rest_route=%2Fwp%2Fv2%2Fcomments&post=18158"}],"version-history":[{"count":0,"href":"https:\/\/www.rgequip.com\/index.php?rest_route=\/wp\/v2\/product\/18158\/revisions"}],"wp:featuredmedia":[{"embeddable":true,"href":"https:\/\/www.rgequip.com\/index.php?rest_route=\/wp\/v2\/media\/18163"}],"wp:attachment":[{"href":"https:\/\/www.rgequip.com\/index.php?rest_route=%2Fwp%2Fv2%2Fmedia&parent=18158"}],"wp:term":[{"taxonomy":"product_brand","embeddable":true,"href":"https:\/\/www.rgequip.com\/index.php?rest_route=%2Fwp%2Fv2%2Fproduct_brand&post=18158"},{"taxonomy":"product_cat","embeddable":true,"href":"https:\/\/www.rgequip.com\/index.php?rest_route=%2Fwp%2Fv2%2Fproduct_cat&post=18158"},{"taxonomy":"product_tag","embeddable":true,"href":"https:\/\/www.rgequip.com\/index.php?rest_route=%2Fwp%2Fv2%2Fproduct_tag&post=18158"}],"curies":[{"name":"wp","href":"https:\/\/api.w.org\/{rel}","templated":true}]}}