{"id":18144,"date":"2020-07-08T16:33:23","date_gmt":"2020-07-08T14:33:23","guid":{"rendered":"https:\/\/www.rgequip.com\/?post_type=product&#038;p=18144"},"modified":"2020-07-08T16:33:23","modified_gmt":"2020-07-08T14:33:23","slug":"moule-etoile-dentele","status":"publish","type":"product","link":"https:\/\/www.rgequip.com\/?product=moule-etoile-dentele","title":{"rendered":"Moule Etoile Dentel\u00e9"},"content":{"rendered":"<p><strong>Un produit multi-usages :\u00a0<\/strong>pour la\u00a0<strong>cuisson d&#8217;un g\u00e2teau\u00a0<\/strong>(id\u00e9alement sur un tapis silicone),<\/p>\n<p><strong>d\u00e9coupe un biscuit g\u00e9ant<\/strong>\u00a0\u00e0 d\u00e9corer et \u00e0 partager (les cookies g\u00e9ants sont tr\u00e8s tendances actuellement) ou encore<\/p>\n<p><strong>cercle \u00e0 dresser<\/strong>\u00a0pour des entremets. Mati\u00e8re inox qualitative &#8230; bref, presque un\u00a0<em>objet &#8220;d\u00e9co&#8221;\u00a0<\/em>dans sa cuisine !<\/p>\n","protected":false},"excerpt":{"rendered":"<p>Un produit multi-usages :\u00a0pour la\u00a0cuisson d&#8217;un g\u00e2teau\u00a0(id\u00e9alement sur un tapis silicone), d\u00e9coupe un biscuit g\u00e9ant\u00a0\u00e0 d\u00e9corer et \u00e0 partager (les<\/p>\n","protected":false},"featured_media":18145,"comment_status":"open","ping_status":"closed","template":"","meta":[],"product_brand":[],"product_cat":[369,340,337,355],"product_tag":[],"class_list":{"0":"post-18144","1":"product","2":"type-product","3":"status-publish","4":"has-post-thumbnail","6":"product_cat-boulangerie","7":"product_cat-accessoires-preparation","8":"product_cat-preparation","9":"product_cat-ustensils","11":"first","12":"instock","13":"shipping-taxable","14":"product-type-simple"},"_links":{"self":[{"href":"https:\/\/www.rgequip.com\/index.php?rest_route=\/wp\/v2\/product\/18144","targetHints":{"allow":["GET"]}}],"collection":[{"href":"https:\/\/www.rgequip.com\/index.php?rest_route=\/wp\/v2\/product"}],"about":[{"href":"https:\/\/www.rgequip.com\/index.php?rest_route=\/wp\/v2\/types\/product"}],"replies":[{"embeddable":true,"href":"https:\/\/www.rgequip.com\/index.php?rest_route=%2Fwp%2Fv2%2Fcomments&post=18144"}],"version-history":[{"count":1,"href":"https:\/\/www.rgequip.com\/index.php?rest_route=\/wp\/v2\/product\/18144\/revisions"}],"predecessor-version":[{"id":18148,"href":"https:\/\/www.rgequip.com\/index.php?rest_route=\/wp\/v2\/product\/18144\/revisions\/18148"}],"wp:featuredmedia":[{"embeddable":true,"href":"https:\/\/www.rgequip.com\/index.php?rest_route=\/wp\/v2\/media\/18145"}],"wp:attachment":[{"href":"https:\/\/www.rgequip.com\/index.php?rest_route=%2Fwp%2Fv2%2Fmedia&parent=18144"}],"wp:term":[{"taxonomy":"product_brand","embeddable":true,"href":"https:\/\/www.rgequip.com\/index.php?rest_route=%2Fwp%2Fv2%2Fproduct_brand&post=18144"},{"taxonomy":"product_cat","embeddable":true,"href":"https:\/\/www.rgequip.com\/index.php?rest_route=%2Fwp%2Fv2%2Fproduct_cat&post=18144"},{"taxonomy":"product_tag","embeddable":true,"href":"https:\/\/www.rgequip.com\/index.php?rest_route=%2Fwp%2Fv2%2Fproduct_tag&post=18144"}],"curies":[{"name":"wp","href":"https:\/\/api.w.org\/{rel}","templated":true}]}}