{"id":18143,"date":"2020-07-08T16:16:55","date_gmt":"2020-07-08T14:16:55","guid":{"rendered":"https:\/\/www.rgequip.com\/?post_type=product&#038;p=18143"},"modified":"2020-07-08T16:25:19","modified_gmt":"2020-07-08T14:25:19","slug":"moule-a-pain","status":"publish","type":"product","link":"https:\/\/www.rgequip.com\/?product=moule-a-pain","title":{"rendered":"Moule \u00e0 Pain"},"content":{"rendered":"<p>Bonne qualit\u00e9,<\/p>\n<p>D\u00e9moulage facile Dimensions: L 30 cm x l 15,6 x H 10 cm<\/p>\n<p>Facile \u00e0 nettoyer (laver avec une \u00e9ponge non-abrasive et un peu de d\u00e9tergent avant et apr\u00e8s utilisation) Mati\u00e8re: M\u00e9tal<\/p>\n","protected":false},"excerpt":{"rendered":"<p>Bonne qualit\u00e9, D\u00e9moulage facile Dimensions: L 30 cm x l 15,6 x H 10 cm Facile \u00e0 nettoyer (laver avec<\/p>\n","protected":false},"featured_media":18146,"comment_status":"open","ping_status":"closed","template":"","meta":[],"product_brand":[],"product_cat":[369,340,337,355],"product_tag":[],"class_list":{"0":"post-18143","1":"product","2":"type-product","3":"status-publish","4":"has-post-thumbnail","6":"product_cat-boulangerie","7":"product_cat-accessoires-preparation","8":"product_cat-preparation","9":"product_cat-ustensils","11":"first","12":"instock","13":"shipping-taxable","14":"product-type-simple"},"_links":{"self":[{"href":"https:\/\/www.rgequip.com\/index.php?rest_route=\/wp\/v2\/product\/18143","targetHints":{"allow":["GET"]}}],"collection":[{"href":"https:\/\/www.rgequip.com\/index.php?rest_route=\/wp\/v2\/product"}],"about":[{"href":"https:\/\/www.rgequip.com\/index.php?rest_route=\/wp\/v2\/types\/product"}],"replies":[{"embeddable":true,"href":"https:\/\/www.rgequip.com\/index.php?rest_route=%2Fwp%2Fv2%2Fcomments&post=18143"}],"version-history":[{"count":0,"href":"https:\/\/www.rgequip.com\/index.php?rest_route=\/wp\/v2\/product\/18143\/revisions"}],"wp:featuredmedia":[{"embeddable":true,"href":"https:\/\/www.rgequip.com\/index.php?rest_route=\/wp\/v2\/media\/18146"}],"wp:attachment":[{"href":"https:\/\/www.rgequip.com\/index.php?rest_route=%2Fwp%2Fv2%2Fmedia&parent=18143"}],"wp:term":[{"taxonomy":"product_brand","embeddable":true,"href":"https:\/\/www.rgequip.com\/index.php?rest_route=%2Fwp%2Fv2%2Fproduct_brand&post=18143"},{"taxonomy":"product_cat","embeddable":true,"href":"https:\/\/www.rgequip.com\/index.php?rest_route=%2Fwp%2Fv2%2Fproduct_cat&post=18143"},{"taxonomy":"product_tag","embeddable":true,"href":"https:\/\/www.rgequip.com\/index.php?rest_route=%2Fwp%2Fv2%2Fproduct_tag&post=18143"}],"curies":[{"name":"wp","href":"https:\/\/api.w.org\/{rel}","templated":true}]}}