{"id":18140,"date":"2020-07-08T14:00:37","date_gmt":"2020-07-08T12:00:37","guid":{"rendered":"https:\/\/www.rgequip.com\/?post_type=product&#038;p=18140"},"modified":"2020-07-08T14:00:37","modified_gmt":"2020-07-08T12:00:37","slug":"armoire-positive-2-portes-pleine-1410l","status":"publish","type":"product","link":"https:\/\/www.rgequip.com\/?product=armoire-positive-2-portes-pleine-1410l","title":{"rendered":"Armoire Positive 2 portes pleine 1410L"},"content":{"rendered":"<p>Elle poss\u00e8de:<\/p>\n<ul>\n<li><span>une alarme de temp\u00e9rature \u00e9lev\u00e9e \/ basse, d&#8217;ouverture de porte et enregistrement\u00a0<\/span><\/li>\n<li><span>Capacit\u00e9 de 1410 litres.<\/span><\/li>\n<li><span>R\u00e9frig\u00e9rateur GN 2\/1 \u00e0 portes inox<\/span><\/li>\n<li><span>Plage de temp\u00e9rature (-2 \/ + 8)<\/span><\/li>\n<li><span>Acier inoxydable de qualit\u00e9 430<\/span><\/li>\n<li><span>0,39 kW de consommation d&#8217;\u00e9lectricit\u00e9<\/span><\/li>\n<\/ul>\n","protected":false},"excerpt":{"rendered":"<p>Elle poss\u00e8de: une alarme de temp\u00e9rature \u00e9lev\u00e9e \/ basse, d&#8217;ouverture de porte et enregistrement\u00a0 Capacit\u00e9 de 1410 litres. R\u00e9frig\u00e9rateur GN<\/p>\n","protected":false},"featured_media":18142,"comment_status":"open","ping_status":"closed","template":"","meta":[],"product_brand":[],"product_cat":[269,278,274,296],"product_tag":[],"class_list":{"0":"post-18140","1":"product","2":"type-product","3":"status-publish","4":"has-post-thumbnail","6":"product_cat-armoires","7":"product_cat-a-positives","8":"product_cat-chambre-froide","9":"product_cat-positive","11":"first","12":"instock","13":"shipping-taxable","14":"product-type-simple"},"_links":{"self":[{"href":"https:\/\/www.rgequip.com\/index.php?rest_route=\/wp\/v2\/product\/18140","targetHints":{"allow":["GET"]}}],"collection":[{"href":"https:\/\/www.rgequip.com\/index.php?rest_route=\/wp\/v2\/product"}],"about":[{"href":"https:\/\/www.rgequip.com\/index.php?rest_route=\/wp\/v2\/types\/product"}],"replies":[{"embeddable":true,"href":"https:\/\/www.rgequip.com\/index.php?rest_route=%2Fwp%2Fv2%2Fcomments&post=18140"}],"version-history":[{"count":0,"href":"https:\/\/www.rgequip.com\/index.php?rest_route=\/wp\/v2\/product\/18140\/revisions"}],"wp:featuredmedia":[{"embeddable":true,"href":"https:\/\/www.rgequip.com\/index.php?rest_route=\/wp\/v2\/media\/18142"}],"wp:attachment":[{"href":"https:\/\/www.rgequip.com\/index.php?rest_route=%2Fwp%2Fv2%2Fmedia&parent=18140"}],"wp:term":[{"taxonomy":"product_brand","embeddable":true,"href":"https:\/\/www.rgequip.com\/index.php?rest_route=%2Fwp%2Fv2%2Fproduct_brand&post=18140"},{"taxonomy":"product_cat","embeddable":true,"href":"https:\/\/www.rgequip.com\/index.php?rest_route=%2Fwp%2Fv2%2Fproduct_cat&post=18140"},{"taxonomy":"product_tag","embeddable":true,"href":"https:\/\/www.rgequip.com\/index.php?rest_route=%2Fwp%2Fv2%2Fproduct_tag&post=18140"}],"curies":[{"name":"wp","href":"https:\/\/api.w.org\/{rel}","templated":true}]}}