{"id":18127,"date":"2020-07-08T12:36:32","date_gmt":"2020-07-08T10:36:32","guid":{"rendered":"https:\/\/www.rgequip.com\/?post_type=product&#038;p=18127"},"modified":"2020-07-08T13:17:01","modified_gmt":"2020-07-08T11:17:01","slug":"armoire-negative-1-porte-pleine","status":"publish","type":"product","link":"https:\/\/www.rgequip.com\/?product=armoire-negative-1-porte-pleine","title":{"rendered":"Armoire N\u00e9gative 1 Porte pleine 610l"},"content":{"rendered":"<p>Il sagit d&#8217;un :<\/p>\n<ul>\n<li>Cong\u00e9lateur \u00e0 porte simple GN 2\/1<\/li>\n<li>Panneau de commande num\u00e9rique HACCP<\/li>\n<li>Acier inoxydable grade 430<\/li>\n<li>Temp\u00e9rature de fonctionnement -5 \/ -22 \u00b0 C<\/li>\n<li>Condenseur \u00e0 fil sp\u00e9cial qui ne n\u00e9cessite pas de nettoyage<\/li>\n<li>Volume interne maximum.\u00a0Augmentation minimale de la temp\u00e9rature pendant le d\u00e9givrage.<\/li>\n<li>R\u00e9partition optimale de l&#8217;air \u00e0 l&#8217;int\u00e9rieur de l&#8217;armoire avec conduit d&#8217;air sp\u00e9cialement con\u00e7u<\/li>\n<li>Glissi\u00e8res \u00e0 cr\u00e9maill\u00e8re et semelle int\u00e9rieure arrondie fabriqu\u00e9es dans des moules sp\u00e9ciaux conformes aux normes d&#8217;hygi\u00e8ne \u00e9lev\u00e9es<\/li>\n<li>Conception monobloc<\/li>\n<li>Interrupteur automatique de coupure du ventilateur et \u00e9clairage LED<\/li>\n<li>Joint magn\u00e9tique interchangeable qui r\u00e9duit les pertes de chaleur avec une triple zone d&#8217;isolation<\/li>\n<li>\u00a0une isolation de 80 mm \u00e0 une densit\u00e9 de 40-42 Kg \/ m3 pour une faible consommation d&#8217;\u00e9nergie.<\/li>\n<li>Conception avant \u00e9tanche (IP21)<\/li>\n<li>Circulation d&#8217;air avec ventilateur<\/li>\n<li>Portes r\u00e9versibles pour adapter facilement les appareils \u00e0 n&#8217;importe quel endroit<\/li>\n<\/ul>\n","protected":false},"excerpt":{"rendered":"<p>Il sagit d&#8217;un : Cong\u00e9lateur \u00e0 porte simple GN 2\/1 Panneau de commande num\u00e9rique HACCP Acier inoxydable grade 430 Temp\u00e9rature<\/p>\n","protected":false},"featured_media":18128,"comment_status":"open","ping_status":"closed","template":"","meta":[],"product_brand":[],"product_cat":[277,269,274,268,295],"product_tag":[],"class_list":{"0":"post-18127","1":"product","2":"type-product","3":"status-publish","4":"has-post-thumbnail","6":"product_cat-a-negatives","7":"product_cat-armoires","8":"product_cat-chambre-froide","9":"product_cat-froids","10":"product_cat-negative","12":"first","13":"instock","14":"shipping-taxable","15":"product-type-simple"},"_links":{"self":[{"href":"https:\/\/www.rgequip.com\/index.php?rest_route=\/wp\/v2\/product\/18127","targetHints":{"allow":["GET"]}}],"collection":[{"href":"https:\/\/www.rgequip.com\/index.php?rest_route=\/wp\/v2\/product"}],"about":[{"href":"https:\/\/www.rgequip.com\/index.php?rest_route=\/wp\/v2\/types\/product"}],"replies":[{"embeddable":true,"href":"https:\/\/www.rgequip.com\/index.php?rest_route=%2Fwp%2Fv2%2Fcomments&post=18127"}],"version-history":[{"count":1,"href":"https:\/\/www.rgequip.com\/index.php?rest_route=\/wp\/v2\/product\/18127\/revisions"}],"predecessor-version":[{"id":18129,"href":"https:\/\/www.rgequip.com\/index.php?rest_route=\/wp\/v2\/product\/18127\/revisions\/18129"}],"wp:featuredmedia":[{"embeddable":true,"href":"https:\/\/www.rgequip.com\/index.php?rest_route=\/wp\/v2\/media\/18128"}],"wp:attachment":[{"href":"https:\/\/www.rgequip.com\/index.php?rest_route=%2Fwp%2Fv2%2Fmedia&parent=18127"}],"wp:term":[{"taxonomy":"product_brand","embeddable":true,"href":"https:\/\/www.rgequip.com\/index.php?rest_route=%2Fwp%2Fv2%2Fproduct_brand&post=18127"},{"taxonomy":"product_cat","embeddable":true,"href":"https:\/\/www.rgequip.com\/index.php?rest_route=%2Fwp%2Fv2%2Fproduct_cat&post=18127"},{"taxonomy":"product_tag","embeddable":true,"href":"https:\/\/www.rgequip.com\/index.php?rest_route=%2Fwp%2Fv2%2Fproduct_tag&post=18127"}],"curies":[{"name":"wp","href":"https:\/\/api.w.org\/{rel}","templated":true}]}}