{"id":18123,"date":"2020-07-08T12:18:47","date_gmt":"2020-07-08T10:18:47","guid":{"rendered":"https:\/\/www.rgequip.com\/?post_type=product&#038;p=18123"},"modified":"2020-07-08T13:20:02","modified_gmt":"2020-07-08T11:20:02","slug":"armoire-refrigeree-positive-doubles-portes-vitrees-gn-1200-nmv-gn-2-1","status":"publish","type":"product","link":"https:\/\/www.rgequip.com\/?product=armoire-refrigeree-positive-doubles-portes-vitrees-gn-1200-nmv-gn-2-1","title":{"rendered":"Armoire Refrig\u00e9r\u00e9e Positive Doubles Portes Vitr\u00e9es"},"content":{"rendered":"<p>C&#8217;est un R\u00e9frig\u00e9rateur de taille GN 2\/1 avec double porte vitr\u00e9e,\u00a0 il a\u00a0 :<\/p>\n<ul>\n<li>\u00a0un panneau de commande num\u00e9rique HACCP<\/li>\n<li>en acier inoxydable de qualit\u00e9 304<\/li>\n<li>une temp\u00e9rature de fonctionnement -2 \/ + 8 \u00b0 C.<\/li>\n<li>un\u00a0 Condenseur sans nettoyage<\/li>\n<li>une Capacit\u00e9 interne maximale augmentation minimale de la temp\u00e9rature pendant le d\u00e9givrage.<\/li>\n<li>un distribution d&#8217;air la plus efficace \u00e0 l&#8217;int\u00e9rieur avec un canal d&#8217;air sp\u00e9cialement con\u00e7u.<\/li>\n<li>\u00a0des doublures int\u00e9rieures et la base inf\u00e9rieure int\u00e9rieure qui sont embouties sont conformes aux normes d&#8217;hygi\u00e8ne les plus \u00e9lev\u00e9es avec des coins arrondis et sont en acier inoxydable.<\/li>\n<li>un nterrupteur automatique de coupure du ventilateur et lumi\u00e8re LED interne<\/li>\n<li>un large joint magn\u00e9tique amovible avec triple zone d&#8217;indulation fournit une \u00e9tanch\u00e9it\u00e9 efficace qui r\u00e9duit la perte de chaleur.<\/li>\n<\/ul>\n","protected":false},"excerpt":{"rendered":"<p>C&#8217;est un R\u00e9frig\u00e9rateur de taille GN 2\/1 avec double porte vitr\u00e9e,\u00a0 il a\u00a0 : \u00a0un panneau de commande num\u00e9rique HACCP<\/p>\n","protected":false},"featured_media":18124,"comment_status":"open","ping_status":"closed","template":"","meta":[],"product_brand":[],"product_cat":[268,278,269],"product_tag":[],"class_list":{"0":"post-18123","1":"product","2":"type-product","3":"status-publish","4":"has-post-thumbnail","6":"product_cat-froids","7":"product_cat-a-positives","8":"product_cat-armoires","10":"first","11":"instock","12":"shipping-taxable","13":"product-type-simple"},"_links":{"self":[{"href":"https:\/\/www.rgequip.com\/index.php?rest_route=\/wp\/v2\/product\/18123","targetHints":{"allow":["GET"]}}],"collection":[{"href":"https:\/\/www.rgequip.com\/index.php?rest_route=\/wp\/v2\/product"}],"about":[{"href":"https:\/\/www.rgequip.com\/index.php?rest_route=\/wp\/v2\/types\/product"}],"replies":[{"embeddable":true,"href":"https:\/\/www.rgequip.com\/index.php?rest_route=%2Fwp%2Fv2%2Fcomments&post=18123"}],"version-history":[{"count":0,"href":"https:\/\/www.rgequip.com\/index.php?rest_route=\/wp\/v2\/product\/18123\/revisions"}],"wp:featuredmedia":[{"embeddable":true,"href":"https:\/\/www.rgequip.com\/index.php?rest_route=\/wp\/v2\/media\/18124"}],"wp:attachment":[{"href":"https:\/\/www.rgequip.com\/index.php?rest_route=%2Fwp%2Fv2%2Fmedia&parent=18123"}],"wp:term":[{"taxonomy":"product_brand","embeddable":true,"href":"https:\/\/www.rgequip.com\/index.php?rest_route=%2Fwp%2Fv2%2Fproduct_brand&post=18123"},{"taxonomy":"product_cat","embeddable":true,"href":"https:\/\/www.rgequip.com\/index.php?rest_route=%2Fwp%2Fv2%2Fproduct_cat&post=18123"},{"taxonomy":"product_tag","embeddable":true,"href":"https:\/\/www.rgequip.com\/index.php?rest_route=%2Fwp%2Fv2%2Fproduct_tag&post=18123"}],"curies":[{"name":"wp","href":"https:\/\/api.w.org\/{rel}","templated":true}]}}