{"id":18121,"date":"2020-07-08T12:06:44","date_gmt":"2020-07-08T10:06:44","guid":{"rendered":"https:\/\/www.rgequip.com\/?post_type=product&#038;p=18121"},"modified":"2020-07-08T13:20:32","modified_gmt":"2020-07-08T11:20:32","slug":"placard-murale-avec-porte-coulissante-01-etagere-1404060","status":"publish","type":"product","link":"https:\/\/www.rgequip.com\/?product=placard-murale-avec-porte-coulissante-01-etagere-1404060","title":{"rendered":"Placard Mural avec Porte Coulissante 01 Etag\u00e8re 140*40*60"},"content":{"rendered":"<p>Il est:<\/p>\n<ul>\n<li>Fix\u00e9 au mur<\/li>\n<li>Fabriqu\u00e9 en acier inoxydable. Acier AISI430.<\/li>\n<li>d&#8217;une \u00e9paisseur de 1 mm pour une \u00e9tag\u00e8re<\/li>\n<li>en renfort des nervures en acier inoxydable.<\/li>\n<li>\u00a0utilis\u00e9e dans les entreprises de restauration pour le stockage<\/li>\n<\/ul>\n","protected":false},"excerpt":{"rendered":"<p>Il est: Fix\u00e9 au mur Fabriqu\u00e9 en acier inoxydable. Acier AISI430. d&#8217;une \u00e9paisseur de 1 mm pour une \u00e9tag\u00e8re en<\/p>\n","protected":false},"featured_media":18122,"comment_status":"open","ping_status":"closed","template":"","meta":[],"product_brand":[],"product_cat":[406,413,409],"product_tag":[],"class_list":{"0":"post-18121","1":"product","2":"type-product","3":"status-publish","4":"has-post-thumbnail","6":"product_cat-autres-inox","7":"product_cat-armoires-inox-suspendus","8":"product_cat-etagere-murale","10":"first","11":"instock","12":"shipping-taxable","13":"product-type-simple"},"_links":{"self":[{"href":"https:\/\/www.rgequip.com\/index.php?rest_route=\/wp\/v2\/product\/18121","targetHints":{"allow":["GET"]}}],"collection":[{"href":"https:\/\/www.rgequip.com\/index.php?rest_route=\/wp\/v2\/product"}],"about":[{"href":"https:\/\/www.rgequip.com\/index.php?rest_route=\/wp\/v2\/types\/product"}],"replies":[{"embeddable":true,"href":"https:\/\/www.rgequip.com\/index.php?rest_route=%2Fwp%2Fv2%2Fcomments&post=18121"}],"version-history":[{"count":0,"href":"https:\/\/www.rgequip.com\/index.php?rest_route=\/wp\/v2\/product\/18121\/revisions"}],"wp:featuredmedia":[{"embeddable":true,"href":"https:\/\/www.rgequip.com\/index.php?rest_route=\/wp\/v2\/media\/18122"}],"wp:attachment":[{"href":"https:\/\/www.rgequip.com\/index.php?rest_route=%2Fwp%2Fv2%2Fmedia&parent=18121"}],"wp:term":[{"taxonomy":"product_brand","embeddable":true,"href":"https:\/\/www.rgequip.com\/index.php?rest_route=%2Fwp%2Fv2%2Fproduct_brand&post=18121"},{"taxonomy":"product_cat","embeddable":true,"href":"https:\/\/www.rgequip.com\/index.php?rest_route=%2Fwp%2Fv2%2Fproduct_cat&post=18121"},{"taxonomy":"product_tag","embeddable":true,"href":"https:\/\/www.rgequip.com\/index.php?rest_route=%2Fwp%2Fv2%2Fproduct_tag&post=18121"}],"curies":[{"name":"wp","href":"https:\/\/api.w.org\/{rel}","templated":true}]}}