{"id":18109,"date":"2020-07-08T11:36:11","date_gmt":"2020-07-08T09:36:11","guid":{"rendered":"https:\/\/www.rgequip.com\/?post_type=product&#038;p=18109"},"modified":"2020-07-08T13:21:14","modified_gmt":"2020-07-08T11:21:14","slug":"four-electrique-a-convection-3-plateau-6040-dim","status":"publish","type":"product","link":"https:\/\/www.rgequip.com\/?product=four-electrique-a-convection-3-plateau-6040-dim","title":{"rendered":"Four Electrique \u00e0 Convection  3 Plateaux 60*40 dim"},"content":{"rendered":"<p>Il a:<\/p>\n<ul>\n<li>une Cuisson par convection \u00e0 une temp\u00e9rature de 30 \u00b0 -250 \u00b0 C<\/li>\n<li>un Ventilateurs avec inverseur pour une temp\u00e9rature uniforme<\/li>\n<li>\u00a0\u00c9limine rapidement l&#8217;humidit\u00e9 de la chambre de cuisson<\/li>\n<li>un\u00a0 \u00c9lectrovanne, reli\u00e9e \u00e0 l&#8217;alimentation en eau<\/li>\n<li>une\u00a0 Ouverture manuelle de la porte vers le bas<\/li>\n<li>une Chambre de cuisson arrondie en acier inoxydable \u00e0 haute r\u00e9sistance pour l&#8217;hygi\u00e8ne et facile \u00e0 nettoyer<\/li>\n<li>un \u00c9clairage du four<\/li>\n<li>un\u00a0 Thermostat de s\u00e9curit\u00e9 contre les \u00e9chauffements excessifs \u00e0 l&#8217;int\u00e9rieur de l&#8217;armoire<\/li>\n<li>un\u00a0 Syst\u00e8me d&#8217;injection de vapeur<\/li>\n<li>un Joint en silicone sur la porte pour \u00e9viter les fuites de chaleur de l&#8217;armoire pendant la cuisson<\/li>\n<li>un\u00a0 Ventilateur int\u00e9gr\u00e9 en acier inoxydable pour une cuisson uniforme<\/li>\n<li>un\u00a0 Interrupteur de s\u00e9curit\u00e9 qui arr\u00eate le four s&#8217;il ouvert pendant le fonctionnement.<\/li>\n<li>un Double vitrage, verre tremp\u00e9, r\u00e9sistant \u00e0 la chaleur.<\/li>\n<li>Nettoyage facile de la vitre de la porte de la chambre de cuisson<\/li>\n<\/ul>\n","protected":false},"excerpt":{"rendered":"<p>Il a: une Cuisson par convection \u00e0 une temp\u00e9rature de 30 \u00b0 -250 \u00b0 C un Ventilateurs avec inverseur pour<\/p>\n","protected":false},"featured_media":18111,"comment_status":"open","ping_status":"closed","template":"","meta":[],"product_brand":[],"product_cat":[369,226,372,243,229,245,375],"product_tag":[],"class_list":{"0":"post-18109","1":"product","2":"type-product","3":"status-publish","4":"has-post-thumbnail","6":"product_cat-boulangerie","7":"product_cat-cuisson","8":"product_cat-cuisson-boulangerie","9":"product_cat-f-professionnels","10":"product_cat-fours","11":"product_cat-fours-mixtes","12":"product_cat-patisserie-et-specialistes","14":"first","15":"instock","16":"shipping-taxable","17":"product-type-simple"},"_links":{"self":[{"href":"https:\/\/www.rgequip.com\/index.php?rest_route=\/wp\/v2\/product\/18109","targetHints":{"allow":["GET"]}}],"collection":[{"href":"https:\/\/www.rgequip.com\/index.php?rest_route=\/wp\/v2\/product"}],"about":[{"href":"https:\/\/www.rgequip.com\/index.php?rest_route=\/wp\/v2\/types\/product"}],"replies":[{"embeddable":true,"href":"https:\/\/www.rgequip.com\/index.php?rest_route=%2Fwp%2Fv2%2Fcomments&post=18109"}],"version-history":[{"count":0,"href":"https:\/\/www.rgequip.com\/index.php?rest_route=\/wp\/v2\/product\/18109\/revisions"}],"wp:featuredmedia":[{"embeddable":true,"href":"https:\/\/www.rgequip.com\/index.php?rest_route=\/wp\/v2\/media\/18111"}],"wp:attachment":[{"href":"https:\/\/www.rgequip.com\/index.php?rest_route=%2Fwp%2Fv2%2Fmedia&parent=18109"}],"wp:term":[{"taxonomy":"product_brand","embeddable":true,"href":"https:\/\/www.rgequip.com\/index.php?rest_route=%2Fwp%2Fv2%2Fproduct_brand&post=18109"},{"taxonomy":"product_cat","embeddable":true,"href":"https:\/\/www.rgequip.com\/index.php?rest_route=%2Fwp%2Fv2%2Fproduct_cat&post=18109"},{"taxonomy":"product_tag","embeddable":true,"href":"https:\/\/www.rgequip.com\/index.php?rest_route=%2Fwp%2Fv2%2Fproduct_tag&post=18109"}],"curies":[{"name":"wp","href":"https:\/\/api.w.org\/{rel}","templated":true}]}}