{"id":18106,"date":"2020-07-08T11:16:09","date_gmt":"2020-07-08T09:16:09","guid":{"rendered":"https:\/\/www.rgequip.com\/?post_type=product&#038;p=18106"},"modified":"2020-07-08T11:16:09","modified_gmt":"2020-07-08T09:16:09","slug":"meuble-self-service-chaud-05-bacs-gn-1-1","status":"publish","type":"product","link":"https:\/\/www.rgequip.com\/?product=meuble-self-service-chaud-05-bacs-gn-1-1","title":{"rendered":"Meuble Self-Service Chaud 05 Bacs Gn 1\/1"},"content":{"rendered":"<p>Corps et cadre en acier inoxydable,<\/p>\n<p>Vanne de remplissage et de vidange d&#8217;eau,<\/p>\n<p>Chauffage par des r\u00e9sistances \u00e0 base de silicium \u00e0 haute efficacit\u00e9,<\/p>\n<p>Contr\u00f4le de la temp\u00e9rature avec thermostat entre 30-90\u00baC,<\/p>\n<p>Tablette inf\u00e9rieure en acier inoxydable,<\/p>\n<p>Pieds r\u00e9glables.<\/p>\n","protected":false},"excerpt":{"rendered":"<p>Corps et cadre en acier inoxydable, Vanne de remplissage et de vidange d&#8217;eau, Chauffage par des r\u00e9sistances \u00e0 base de<\/p>\n","protected":false},"featured_media":18108,"comment_status":"open","ping_status":"closed","template":"","meta":[],"product_brand":[],"product_cat":[313,304,297],"product_tag":[],"class_list":{"0":"post-18106","1":"product","2":"type-product","3":"status-publish","4":"has-post-thumbnail","6":"product_cat-maintien-chaud","7":"product_cat-buffet-chaud","8":"product_cat-presentation-chaude","10":"first","11":"instock","12":"shipping-taxable","13":"product-type-simple"},"_links":{"self":[{"href":"https:\/\/www.rgequip.com\/index.php?rest_route=\/wp\/v2\/product\/18106","targetHints":{"allow":["GET"]}}],"collection":[{"href":"https:\/\/www.rgequip.com\/index.php?rest_route=\/wp\/v2\/product"}],"about":[{"href":"https:\/\/www.rgequip.com\/index.php?rest_route=\/wp\/v2\/types\/product"}],"replies":[{"embeddable":true,"href":"https:\/\/www.rgequip.com\/index.php?rest_route=%2Fwp%2Fv2%2Fcomments&post=18106"}],"version-history":[{"count":0,"href":"https:\/\/www.rgequip.com\/index.php?rest_route=\/wp\/v2\/product\/18106\/revisions"}],"wp:featuredmedia":[{"embeddable":true,"href":"https:\/\/www.rgequip.com\/index.php?rest_route=\/wp\/v2\/media\/18108"}],"wp:attachment":[{"href":"https:\/\/www.rgequip.com\/index.php?rest_route=%2Fwp%2Fv2%2Fmedia&parent=18106"}],"wp:term":[{"taxonomy":"product_brand","embeddable":true,"href":"https:\/\/www.rgequip.com\/index.php?rest_route=%2Fwp%2Fv2%2Fproduct_brand&post=18106"},{"taxonomy":"product_cat","embeddable":true,"href":"https:\/\/www.rgequip.com\/index.php?rest_route=%2Fwp%2Fv2%2Fproduct_cat&post=18106"},{"taxonomy":"product_tag","embeddable":true,"href":"https:\/\/www.rgequip.com\/index.php?rest_route=%2Fwp%2Fv2%2Fproduct_tag&post=18106"}],"curies":[{"name":"wp","href":"https:\/\/api.w.org\/{rel}","templated":true}]}}