{"id":18093,"date":"2020-07-07T18:37:51","date_gmt":"2020-07-07T16:37:51","guid":{"rendered":"https:\/\/www.rgequip.com\/?post_type=product&#038;p=18093"},"modified":"2020-07-22T16:43:24","modified_gmt":"2020-07-22T14:43:24","slug":"rechaud-electrique-deux-plaques-a-poser-406026","status":"publish","type":"product","link":"https:\/\/www.rgequip.com\/?product=rechaud-electrique-deux-plaques-a-poser-406026","title":{"rendered":"R\u00e9chaud Electrique deux plaques \u00e0 poser 40*60*26"},"content":{"rendered":"<p>*<\/p>\n<p>En plus, il \u00a0Comporte un dossier en acier inoxydable\u00a0 facile d&#8217;entretien.<\/p>\n<p>Construction enti\u00e8rement en acier inoxydable con\u00e7ue pour \u00e9viter toute infiltration.<\/p>\n<p>Dessus, c\u00f4t\u00e9s, dos, panneaux avant et consoles de contr\u00f4le en acier inoxydable avec finition scotchbrite satin\u00e9e.<\/p>\n<p>Dessus press\u00e9 monobloc, \u00e9quip\u00e9 de 2 plaques chauffantes rapides en fonte de dimension \u00d8180 mm.<\/p>\n<p>Avec de plaque chauffante contr\u00f4l\u00e9e par un interrupteur \u00e0 6 positions et poss\u00e8de un voyant lumineux.<\/p>\n<p>Thermostat haute limite int\u00e9gr\u00e9 dans une plaque chauffante.<\/p>\n<p>Toutes les plaques chauffantes encastr\u00e9es sur le dessus pour les impacts et les d\u00e9versements<\/p>\n","protected":false},"excerpt":{"rendered":"<p>* En plus, il \u00a0Comporte un dossier en acier inoxydable\u00a0 facile d&#8217;entretien. Construction enti\u00e8rement en acier inoxydable con\u00e7ue pour \u00e9viter<\/p>\n","protected":false},"featured_media":18095,"comment_status":"open","ping_status":"closed","template":"","meta":[],"product_brand":[],"product_cat":[228,226,241],"product_tag":[],"class_list":{"0":"post-18093","1":"product","2":"type-product","3":"status-publish","4":"has-post-thumbnail","6":"product_cat-rechauds","7":"product_cat-cuisson","8":"product_cat-r-electrique","10":"first","11":"instock","12":"shipping-taxable","13":"product-type-simple"},"_links":{"self":[{"href":"https:\/\/www.rgequip.com\/index.php?rest_route=\/wp\/v2\/product\/18093","targetHints":{"allow":["GET"]}}],"collection":[{"href":"https:\/\/www.rgequip.com\/index.php?rest_route=\/wp\/v2\/product"}],"about":[{"href":"https:\/\/www.rgequip.com\/index.php?rest_route=\/wp\/v2\/types\/product"}],"replies":[{"embeddable":true,"href":"https:\/\/www.rgequip.com\/index.php?rest_route=%2Fwp%2Fv2%2Fcomments&post=18093"}],"version-history":[{"count":1,"href":"https:\/\/www.rgequip.com\/index.php?rest_route=\/wp\/v2\/product\/18093\/revisions"}],"predecessor-version":[{"id":18370,"href":"https:\/\/www.rgequip.com\/index.php?rest_route=\/wp\/v2\/product\/18093\/revisions\/18370"}],"wp:featuredmedia":[{"embeddable":true,"href":"https:\/\/www.rgequip.com\/index.php?rest_route=\/wp\/v2\/media\/18095"}],"wp:attachment":[{"href":"https:\/\/www.rgequip.com\/index.php?rest_route=%2Fwp%2Fv2%2Fmedia&parent=18093"}],"wp:term":[{"taxonomy":"product_brand","embeddable":true,"href":"https:\/\/www.rgequip.com\/index.php?rest_route=%2Fwp%2Fv2%2Fproduct_brand&post=18093"},{"taxonomy":"product_cat","embeddable":true,"href":"https:\/\/www.rgequip.com\/index.php?rest_route=%2Fwp%2Fv2%2Fproduct_cat&post=18093"},{"taxonomy":"product_tag","embeddable":true,"href":"https:\/\/www.rgequip.com\/index.php?rest_route=%2Fwp%2Fv2%2Fproduct_tag&post=18093"}],"curies":[{"name":"wp","href":"https:\/\/api.w.org\/{rel}","templated":true}]}}