{"id":18088,"date":"2020-07-07T18:06:30","date_gmt":"2020-07-07T16:06:30","guid":{"rendered":"https:\/\/www.rgequip.com\/?post_type=product&#038;p=18088"},"modified":"2020-07-07T18:07:19","modified_gmt":"2020-07-07T16:07:19","slug":"grill-double-a-gaz-1-2-nervure-et-lisse-chrome-a-poser","status":"publish","type":"product","link":"https:\/\/www.rgequip.com\/?product=grill-double-a-gaz-1-2-nervure-et-lisse-chrome-a-poser","title":{"rendered":"Grill Double \u00e0 Gaz 1\/2 Nervure et Lisse chrome \u00e0 poser"},"content":{"rendered":"<p>Toutes les grilles sont con\u00e7ues pour fournir une productivit\u00e9 maximale, des performances exceptionnelles et une temp\u00e9rature uniforme.<\/p>\n<p>Avec les plaques de cuisson ont une finition en acier doux de 15 mm d&#8217;\u00e9paisseur rev\u00eatues de chrome \u00e9tanche \u00e0 l&#8217;eau.<\/p>\n<p>permet de drainer la graisse dans un grand collecteur de 1,5 litre plac\u00e9 sous la surface de cuisson.<\/p>\n<p>Muni d&#8217;une protections anti-\u00e9claboussures hautes en acier inoxydable \u00e0 l&#8217;arri\u00e8re et sur les c\u00f4t\u00e9s de la surface de cuisson.<\/p>\n<p>Allumage par \u00e9tincelle pi\u00e9zo pour plus de s\u00e9curit\u00e9.<\/p>\n<p>Les br\u00fbleurs poss\u00e8de des dispositifs de coupure de flamme.<\/p>\n<p>&nbsp;<\/p>\n","protected":false},"excerpt":{"rendered":"<p>Toutes les grilles sont con\u00e7ues pour fournir une productivit\u00e9 maximale, des performances exceptionnelles et une temp\u00e9rature uniforme. Avec les plaques<\/p>\n","protected":false},"featured_media":18092,"comment_status":"open","ping_status":"closed","template":"","meta":[],"product_brand":[],"product_cat":[235,226,261],"product_tag":[],"class_list":{"0":"post-18088","1":"product","2":"type-product","3":"status-publish","4":"has-post-thumbnail","6":"product_cat-snacking","7":"product_cat-cuisson","8":"product_cat-plancha","10":"first","11":"instock","12":"shipping-taxable","13":"product-type-simple"},"_links":{"self":[{"href":"https:\/\/www.rgequip.com\/index.php?rest_route=\/wp\/v2\/product\/18088","targetHints":{"allow":["GET"]}}],"collection":[{"href":"https:\/\/www.rgequip.com\/index.php?rest_route=\/wp\/v2\/product"}],"about":[{"href":"https:\/\/www.rgequip.com\/index.php?rest_route=\/wp\/v2\/types\/product"}],"replies":[{"embeddable":true,"href":"https:\/\/www.rgequip.com\/index.php?rest_route=%2Fwp%2Fv2%2Fcomments&post=18088"}],"version-history":[{"count":0,"href":"https:\/\/www.rgequip.com\/index.php?rest_route=\/wp\/v2\/product\/18088\/revisions"}],"wp:featuredmedia":[{"embeddable":true,"href":"https:\/\/www.rgequip.com\/index.php?rest_route=\/wp\/v2\/media\/18092"}],"wp:attachment":[{"href":"https:\/\/www.rgequip.com\/index.php?rest_route=%2Fwp%2Fv2%2Fmedia&parent=18088"}],"wp:term":[{"taxonomy":"product_brand","embeddable":true,"href":"https:\/\/www.rgequip.com\/index.php?rest_route=%2Fwp%2Fv2%2Fproduct_brand&post=18088"},{"taxonomy":"product_cat","embeddable":true,"href":"https:\/\/www.rgequip.com\/index.php?rest_route=%2Fwp%2Fv2%2Fproduct_cat&post=18088"},{"taxonomy":"product_tag","embeddable":true,"href":"https:\/\/www.rgequip.com\/index.php?rest_route=%2Fwp%2Fv2%2Fproduct_tag&post=18088"}],"curies":[{"name":"wp","href":"https:\/\/api.w.org\/{rel}","templated":true}]}}