{"id":18086,"date":"2020-07-07T17:48:06","date_gmt":"2020-07-07T15:48:06","guid":{"rendered":"https:\/\/www.rgequip.com\/?post_type=product&#038;p=18086"},"modified":"2020-07-07T17:48:06","modified_gmt":"2020-07-07T15:48:06","slug":"variateur-de-vitesse-du-panneau-electrique-triphase-1-2-phases","status":"publish","type":"product","link":"https:\/\/www.rgequip.com\/?product=variateur-de-vitesse-du-panneau-electrique-triphase-1-2-phases","title":{"rendered":"Variateur de vitesse du panneau \u00e9lectrique triphas\u00e9 1-2 phases"},"content":{"rendered":"<p>Tableau \u00e9lectrique triphas\u00e9 monophas\u00e9 complet avec interrupteur de protection moteur, fusible de ligne selon les normes CEI 17-13 \/ 1 EN 60439 Volt 400\/3\/50 Hz IP 55.<\/p>\n","protected":false},"excerpt":{"rendered":"<p>Tableau \u00e9lectrique triphas\u00e9 monophas\u00e9 complet avec interrupteur de protection moteur, fusible de ligne selon les normes CEI 17-13 \/ 1<\/p>\n","protected":false},"featured_media":18090,"comment_status":"open","ping_status":"closed","template":"","meta":[],"product_brand":[],"product_cat":[406,410],"product_tag":[],"class_list":{"0":"post-18086","1":"product","2":"type-product","3":"status-publish","4":"has-post-thumbnail","6":"product_cat-autres-inox","7":"product_cat-hotte-aspirante","9":"first","10":"instock","11":"shipping-taxable","12":"product-type-simple"},"_links":{"self":[{"href":"https:\/\/www.rgequip.com\/index.php?rest_route=\/wp\/v2\/product\/18086","targetHints":{"allow":["GET"]}}],"collection":[{"href":"https:\/\/www.rgequip.com\/index.php?rest_route=\/wp\/v2\/product"}],"about":[{"href":"https:\/\/www.rgequip.com\/index.php?rest_route=\/wp\/v2\/types\/product"}],"replies":[{"embeddable":true,"href":"https:\/\/www.rgequip.com\/index.php?rest_route=%2Fwp%2Fv2%2Fcomments&post=18086"}],"version-history":[{"count":0,"href":"https:\/\/www.rgequip.com\/index.php?rest_route=\/wp\/v2\/product\/18086\/revisions"}],"wp:featuredmedia":[{"embeddable":true,"href":"https:\/\/www.rgequip.com\/index.php?rest_route=\/wp\/v2\/media\/18090"}],"wp:attachment":[{"href":"https:\/\/www.rgequip.com\/index.php?rest_route=%2Fwp%2Fv2%2Fmedia&parent=18086"}],"wp:term":[{"taxonomy":"product_brand","embeddable":true,"href":"https:\/\/www.rgequip.com\/index.php?rest_route=%2Fwp%2Fv2%2Fproduct_brand&post=18086"},{"taxonomy":"product_cat","embeddable":true,"href":"https:\/\/www.rgequip.com\/index.php?rest_route=%2Fwp%2Fv2%2Fproduct_cat&post=18086"},{"taxonomy":"product_tag","embeddable":true,"href":"https:\/\/www.rgequip.com\/index.php?rest_route=%2Fwp%2Fv2%2Fproduct_tag&post=18086"}],"curies":[{"name":"wp","href":"https:\/\/api.w.org\/{rel}","templated":true}]}}