{"id":18083,"date":"2020-07-07T17:47:10","date_gmt":"2020-07-07T15:47:10","guid":{"rendered":"https:\/\/www.rgequip.com\/?post_type=product&#038;p=18083"},"modified":"2020-07-07T18:04:21","modified_gmt":"2020-07-07T16:04:21","slug":"saladette-04-bacs-gn-1-1","status":"publish","type":"product","link":"https:\/\/www.rgequip.com\/?product=saladette-04-bacs-gn-1-1","title":{"rendered":"Saladette 04 Bacs Gn 1\/1"},"content":{"rendered":"<p>Dessus en granit de 2 cm d&#8217;\u00e9paisseur et de 17 cm de large<\/p>\n<p>Profondeur du corps du r\u00e9frig\u00e9rateur 70 cm<\/p>\n<p>Le Panneau avant en bois et Pieds\u00a0 en acier inoxydable<\/p>\n<p>Avec \u00e9tag\u00e8re interm\u00e9diaire et Verre plat<\/p>\n<p>R\u00e9frig\u00e9rateur avec thermostat num\u00e9rique<\/p>\n<p>Enfin, la Dissolution et l&#8217;\u00e9vaporation sont automatiques<\/p>\n","protected":false},"excerpt":{"rendered":"<p>Dessus en granit de 2 cm d&#8217;\u00e9paisseur et de 17 cm de large Profondeur du corps du r\u00e9frig\u00e9rateur 70 cm<\/p>\n","protected":false},"featured_media":18089,"comment_status":"open","ping_status":"closed","template":"","meta":[],"product_brand":[],"product_cat":[268,282,270,289],"product_tag":[],"class_list":{"0":"post-18083","1":"product","2":"type-product","3":"status-publish","4":"has-post-thumbnail","6":"product_cat-froids","7":"product_cat-saladette","8":"product_cat-tables","9":"product_cat-v-centrale","11":"first","12":"instock","13":"shipping-taxable","14":"product-type-simple"},"_links":{"self":[{"href":"https:\/\/www.rgequip.com\/index.php?rest_route=\/wp\/v2\/product\/18083","targetHints":{"allow":["GET"]}}],"collection":[{"href":"https:\/\/www.rgequip.com\/index.php?rest_route=\/wp\/v2\/product"}],"about":[{"href":"https:\/\/www.rgequip.com\/index.php?rest_route=\/wp\/v2\/types\/product"}],"replies":[{"embeddable":true,"href":"https:\/\/www.rgequip.com\/index.php?rest_route=%2Fwp%2Fv2%2Fcomments&post=18083"}],"version-history":[{"count":0,"href":"https:\/\/www.rgequip.com\/index.php?rest_route=\/wp\/v2\/product\/18083\/revisions"}],"wp:featuredmedia":[{"embeddable":true,"href":"https:\/\/www.rgequip.com\/index.php?rest_route=\/wp\/v2\/media\/18089"}],"wp:attachment":[{"href":"https:\/\/www.rgequip.com\/index.php?rest_route=%2Fwp%2Fv2%2Fmedia&parent=18083"}],"wp:term":[{"taxonomy":"product_brand","embeddable":true,"href":"https:\/\/www.rgequip.com\/index.php?rest_route=%2Fwp%2Fv2%2Fproduct_brand&post=18083"},{"taxonomy":"product_cat","embeddable":true,"href":"https:\/\/www.rgequip.com\/index.php?rest_route=%2Fwp%2Fv2%2Fproduct_cat&post=18083"},{"taxonomy":"product_tag","embeddable":true,"href":"https:\/\/www.rgequip.com\/index.php?rest_route=%2Fwp%2Fv2%2Fproduct_tag&post=18083"}],"curies":[{"name":"wp","href":"https:\/\/api.w.org\/{rel}","templated":true}]}}