{"id":18080,"date":"2020-07-07T17:01:40","date_gmt":"2020-07-07T15:01:40","guid":{"rendered":"https:\/\/www.rgequip.com\/?post_type=product&#038;p=18080"},"modified":"2020-07-07T17:01:40","modified_gmt":"2020-07-07T15:01:40","slug":"bain-marie-gastroline-5-bacs-gn-1-1","status":"publish","type":"product","link":"https:\/\/www.rgequip.com\/?product=bain-marie-gastroline-5-bacs-gn-1-1","title":{"rendered":"Bain Marie Gastroline 5 Bacs Gn 1\/1"},"content":{"rendered":"<p>\u00c9tabli en granit de 2 cm d&#8217;\u00e9paisseur et\u00a0 17 cm de large<\/p>\n<p>Panneau avant en bois et Pieds en acier inoxydable<\/p>\n<p>Int\u00e9rieur et ext\u00e9rieur en acier inoxydable<\/p>\n<p>Avec \u00e9tag\u00e8re interm\u00e9diaire en verre<\/p>\n<p>Verre plat<\/p>\n","protected":false},"excerpt":{"rendered":"<p>\u00c9tabli en granit de 2 cm d&#8217;\u00e9paisseur et\u00a0 17 cm de large Panneau avant en bois et Pieds en acier<\/p>\n","protected":false},"featured_media":18079,"comment_status":"open","ping_status":"closed","template":"","meta":[],"product_brand":[],"product_cat":[313,301],"product_tag":[],"class_list":{"0":"post-18080","1":"product","2":"type-product","3":"status-publish","4":"has-post-thumbnail","6":"product_cat-maintien-chaud","7":"product_cat-bain-marie","9":"first","10":"instock","11":"shipping-taxable","12":"product-type-simple"},"_links":{"self":[{"href":"https:\/\/www.rgequip.com\/index.php?rest_route=\/wp\/v2\/product\/18080","targetHints":{"allow":["GET"]}}],"collection":[{"href":"https:\/\/www.rgequip.com\/index.php?rest_route=\/wp\/v2\/product"}],"about":[{"href":"https:\/\/www.rgequip.com\/index.php?rest_route=\/wp\/v2\/types\/product"}],"replies":[{"embeddable":true,"href":"https:\/\/www.rgequip.com\/index.php?rest_route=%2Fwp%2Fv2%2Fcomments&post=18080"}],"version-history":[{"count":0,"href":"https:\/\/www.rgequip.com\/index.php?rest_route=\/wp\/v2\/product\/18080\/revisions"}],"wp:featuredmedia":[{"embeddable":true,"href":"https:\/\/www.rgequip.com\/index.php?rest_route=\/wp\/v2\/media\/18079"}],"wp:attachment":[{"href":"https:\/\/www.rgequip.com\/index.php?rest_route=%2Fwp%2Fv2%2Fmedia&parent=18080"}],"wp:term":[{"taxonomy":"product_brand","embeddable":true,"href":"https:\/\/www.rgequip.com\/index.php?rest_route=%2Fwp%2Fv2%2Fproduct_brand&post=18080"},{"taxonomy":"product_cat","embeddable":true,"href":"https:\/\/www.rgequip.com\/index.php?rest_route=%2Fwp%2Fv2%2Fproduct_cat&post=18080"},{"taxonomy":"product_tag","embeddable":true,"href":"https:\/\/www.rgequip.com\/index.php?rest_route=%2Fwp%2Fv2%2Fproduct_tag&post=18080"}],"curies":[{"name":"wp","href":"https:\/\/api.w.org\/{rel}","templated":true}]}}