{"id":18078,"date":"2020-07-07T16:55:29","date_gmt":"2020-07-07T14:55:29","guid":{"rendered":"https:\/\/www.rgequip.com\/?post_type=product&#038;p=18078"},"modified":"2020-07-07T17:50:55","modified_gmt":"2020-07-07T15:50:55","slug":"regulateur-manuel-triphase-a-4-vitesses","status":"publish","type":"product","link":"https:\/\/www.rgequip.com\/?product=regulateur-manuel-triphase-a-4-vitesses","title":{"rendered":"R\u00e9gulateur Manuel Triphas\u00e9 \u00e0 4 vitesses"},"content":{"rendered":"<p>R\u00e9gulateur manuel \u00e0 4 vitesses r\u00e9alis\u00e9 avec le syst\u00e8me &#8220;transformateur&#8221;<br \/>\nIl garantit un r\u00e9glage optimal des param\u00e8tres \u00e9lectriques du moteur.<br \/>\nDe m\u00eame, il est triphas\u00e9.<\/p>\n","protected":false},"excerpt":{"rendered":"<p>R\u00e9gulateur manuel \u00e0 4 vitesses r\u00e9alis\u00e9 avec le syst\u00e8me &#8220;transformateur&#8221; Il garantit un r\u00e9glage optimal des param\u00e8tres \u00e9lectriques du moteur.<\/p>\n","protected":false},"featured_media":18082,"comment_status":"open","ping_status":"closed","template":"","meta":[],"product_brand":[],"product_cat":[406,410],"product_tag":[],"class_list":{"0":"post-18078","1":"product","2":"type-product","3":"status-publish","4":"has-post-thumbnail","6":"product_cat-autres-inox","7":"product_cat-hotte-aspirante","9":"first","10":"instock","11":"shipping-taxable","12":"product-type-simple"},"_links":{"self":[{"href":"https:\/\/www.rgequip.com\/index.php?rest_route=\/wp\/v2\/product\/18078","targetHints":{"allow":["GET"]}}],"collection":[{"href":"https:\/\/www.rgequip.com\/index.php?rest_route=\/wp\/v2\/product"}],"about":[{"href":"https:\/\/www.rgequip.com\/index.php?rest_route=\/wp\/v2\/types\/product"}],"replies":[{"embeddable":true,"href":"https:\/\/www.rgequip.com\/index.php?rest_route=%2Fwp%2Fv2%2Fcomments&post=18078"}],"version-history":[{"count":0,"href":"https:\/\/www.rgequip.com\/index.php?rest_route=\/wp\/v2\/product\/18078\/revisions"}],"wp:featuredmedia":[{"embeddable":true,"href":"https:\/\/www.rgequip.com\/index.php?rest_route=\/wp\/v2\/media\/18082"}],"wp:attachment":[{"href":"https:\/\/www.rgequip.com\/index.php?rest_route=%2Fwp%2Fv2%2Fmedia&parent=18078"}],"wp:term":[{"taxonomy":"product_brand","embeddable":true,"href":"https:\/\/www.rgequip.com\/index.php?rest_route=%2Fwp%2Fv2%2Fproduct_brand&post=18078"},{"taxonomy":"product_cat","embeddable":true,"href":"https:\/\/www.rgequip.com\/index.php?rest_route=%2Fwp%2Fv2%2Fproduct_cat&post=18078"},{"taxonomy":"product_tag","embeddable":true,"href":"https:\/\/www.rgequip.com\/index.php?rest_route=%2Fwp%2Fv2%2Fproduct_tag&post=18078"}],"curies":[{"name":"wp","href":"https:\/\/api.w.org\/{rel}","templated":true}]}}