{"id":18074,"date":"2020-07-07T17:05:03","date_gmt":"2020-07-07T15:05:03","guid":{"rendered":"https:\/\/www.rgequip.com\/?post_type=product&#038;p=18074"},"modified":"2020-07-07T18:07:32","modified_gmt":"2020-07-07T16:07:32","slug":"grill-gaz-a-poser-nervure-406026","status":"publish","type":"product","link":"https:\/\/www.rgequip.com\/?product=grill-gaz-a-poser-nervure-406026","title":{"rendered":"Grill Gaz \u00e0 Poser (Nervure) 40*60*26"},"content":{"rendered":"<p>Il est enti\u00e8rement constuit en acier inoxydable pour \u00e9viter toute infiltration.<br \/>\nFacile \u00e0 fixer\u00a0 avec d&#8217;autres appareils.<\/p>\n<p>muni d&#8217;une protections anti-\u00e9claboussures hautes en acier inoxydable \u00e0 l&#8217;arri\u00e8re et sur les c\u00f4t\u00e9s de la surface de cuisson.<br \/>\nPoss\u00e8de un trou de vidange sur la surface de cuisson pour faciliter le fonctionnement et le nettoyage.<br \/>\n\u00abSurface de cuisson enti\u00e8rement nervur\u00e9e\u00bb<\/p>\n<p>Peut \u00eatre au\u00a0 gaz naturel ou GPL,<\/p>\n<p>Plaque en acier doux \u00abnervur\u00e9e\u00bb de 8 mm d&#8217;\u00e9paisseur pour une cuisson plus efficace<br \/>\nGrand tiroir de r\u00e9cup\u00e9ration des graisses d&#8217;une capacit\u00e9 de 1 litre pour une cuisson ininterrompue<br \/>\nAllumage par \u00e9tincelle piezzo<br \/>\nChauffage\u00a0rapide avec br\u00fbleurs en acier inoxydable.<\/p>\n","protected":false},"excerpt":{"rendered":"<p>Il est enti\u00e8rement constuit en acier inoxydable pour \u00e9viter toute infiltration. Facile \u00e0 fixer\u00a0 avec d&#8217;autres appareils. muni d&#8217;une protections<\/p>\n","protected":false},"featured_media":18085,"comment_status":"open","ping_status":"closed","template":"","meta":[],"product_brand":[],"product_cat":[226,261,235],"product_tag":[],"class_list":{"0":"post-18074","1":"product","2":"type-product","3":"status-publish","4":"has-post-thumbnail","6":"product_cat-cuisson","7":"product_cat-plancha","8":"product_cat-snacking","10":"first","11":"instock","12":"shipping-taxable","13":"product-type-simple"},"_links":{"self":[{"href":"https:\/\/www.rgequip.com\/index.php?rest_route=\/wp\/v2\/product\/18074","targetHints":{"allow":["GET"]}}],"collection":[{"href":"https:\/\/www.rgequip.com\/index.php?rest_route=\/wp\/v2\/product"}],"about":[{"href":"https:\/\/www.rgequip.com\/index.php?rest_route=\/wp\/v2\/types\/product"}],"replies":[{"embeddable":true,"href":"https:\/\/www.rgequip.com\/index.php?rest_route=%2Fwp%2Fv2%2Fcomments&post=18074"}],"version-history":[{"count":0,"href":"https:\/\/www.rgequip.com\/index.php?rest_route=\/wp\/v2\/product\/18074\/revisions"}],"wp:featuredmedia":[{"embeddable":true,"href":"https:\/\/www.rgequip.com\/index.php?rest_route=\/wp\/v2\/media\/18085"}],"wp:attachment":[{"href":"https:\/\/www.rgequip.com\/index.php?rest_route=%2Fwp%2Fv2%2Fmedia&parent=18074"}],"wp:term":[{"taxonomy":"product_brand","embeddable":true,"href":"https:\/\/www.rgequip.com\/index.php?rest_route=%2Fwp%2Fv2%2Fproduct_brand&post=18074"},{"taxonomy":"product_cat","embeddable":true,"href":"https:\/\/www.rgequip.com\/index.php?rest_route=%2Fwp%2Fv2%2Fproduct_cat&post=18074"},{"taxonomy":"product_tag","embeddable":true,"href":"https:\/\/www.rgequip.com\/index.php?rest_route=%2Fwp%2Fv2%2Fproduct_tag&post=18074"}],"curies":[{"name":"wp","href":"https:\/\/api.w.org\/{rel}","templated":true}]}}