{"id":18073,"date":"2020-07-07T16:32:52","date_gmt":"2020-07-07T14:32:52","guid":{"rendered":"https:\/\/www.rgequip.com\/?post_type=product&#038;p=18073"},"modified":"2020-07-07T16:32:53","modified_gmt":"2020-07-07T14:32:53","slug":"regulateur-de-vitesse-10-amperes","status":"publish","type":"product","link":"https:\/\/www.rgequip.com\/?product=regulateur-de-vitesse-10-amperes","title":{"rendered":"R\u00e9gulateur de vitesse 10 Amp\u00e8res"},"content":{"rendered":"<h3>Variateur de hotte professionnelle REM &#8211; 10 &#8211; Version manuelle<\/h3>\n<p>L&#8217;utilisation d&#8217;un\u00a0<strong>variateur m\u00e9canique pour hotte professionnelle<\/strong>\u00a0est\u00a0indispensable afin de r\u00e9guler la vitesse de rotation de votre\u00a0moteur de\u00a0<a href=\"https:\/\/www.negoce-chr.com\/477-hotte-motorisee\" target=\"_blank\">hotte dynamique<\/a>\u00a0qui, \u00e0 force, peut devenir bruyant.<\/p>\n<p>Ce\u00a0<strong>variateur de vitesse pour hotte pro<\/strong> est con\u00e7u pour une utilisation intensive en restauration professionnelle. Il permet de contr\u00f4ler la force d&#8217;aspiration de votre hotte \u00e0 l&#8217;aide d&#8217;une molett<br \/>\nAussi, il dispose une commande pour la lumi\u00e8re de votre hotte.<\/p>\n<p><strong>Pourquoi nous conseillons ce mod\u00e8le ?<\/strong>\u00a0Car son installation est simple et rapide : il\u00a0vous suffit de le brancher \u00e9lectriquement \u00e0 votre moteur (10 amp\u00e8res)\u00a0et de le fixer \u00e0 un mur.<\/p>\n<h3>Description variateur de vitesse \u00e0 r\u00e9gulation manuelle REM-10:<\/h3>\n<ul>\n<li>Intensit\u00e9 : 10 amp\u00e8res<\/li>\n<li>Aussi, R\u00e9glage manuel<\/li>\n<li>Pour une hotte dynamique<\/li>\n<\/ul>\n","protected":false},"excerpt":{"rendered":"<p>Variateur de hotte professionnelle REM &#8211; 10 &#8211; Version manuelle L&#8217;utilisation d&#8217;un\u00a0variateur m\u00e9canique pour hotte professionnelle\u00a0est\u00a0indispensable afin de r\u00e9guler la<\/p>\n","protected":false},"featured_media":18076,"comment_status":"open","ping_status":"closed","template":"","meta":[],"product_brand":[],"product_cat":[410,406],"product_tag":[],"class_list":{"0":"post-18073","1":"product","2":"type-product","3":"status-publish","4":"has-post-thumbnail","6":"product_cat-hotte-aspirante","7":"product_cat-autres-inox","9":"first","10":"instock","11":"shipping-taxable","12":"product-type-simple"},"_links":{"self":[{"href":"https:\/\/www.rgequip.com\/index.php?rest_route=\/wp\/v2\/product\/18073","targetHints":{"allow":["GET"]}}],"collection":[{"href":"https:\/\/www.rgequip.com\/index.php?rest_route=\/wp\/v2\/product"}],"about":[{"href":"https:\/\/www.rgequip.com\/index.php?rest_route=\/wp\/v2\/types\/product"}],"replies":[{"embeddable":true,"href":"https:\/\/www.rgequip.com\/index.php?rest_route=%2Fwp%2Fv2%2Fcomments&post=18073"}],"version-history":[{"count":0,"href":"https:\/\/www.rgequip.com\/index.php?rest_route=\/wp\/v2\/product\/18073\/revisions"}],"wp:featuredmedia":[{"embeddable":true,"href":"https:\/\/www.rgequip.com\/index.php?rest_route=\/wp\/v2\/media\/18076"}],"wp:attachment":[{"href":"https:\/\/www.rgequip.com\/index.php?rest_route=%2Fwp%2Fv2%2Fmedia&parent=18073"}],"wp:term":[{"taxonomy":"product_brand","embeddable":true,"href":"https:\/\/www.rgequip.com\/index.php?rest_route=%2Fwp%2Fv2%2Fproduct_brand&post=18073"},{"taxonomy":"product_cat","embeddable":true,"href":"https:\/\/www.rgequip.com\/index.php?rest_route=%2Fwp%2Fv2%2Fproduct_cat&post=18073"},{"taxonomy":"product_tag","embeddable":true,"href":"https:\/\/www.rgequip.com\/index.php?rest_route=%2Fwp%2Fv2%2Fproduct_tag&post=18073"}],"curies":[{"name":"wp","href":"https:\/\/api.w.org\/{rel}","templated":true}]}}