{"id":18065,"date":"2020-07-07T16:47:50","date_gmt":"2020-07-07T14:47:50","guid":{"rendered":"https:\/\/www.rgequip.com\/?post_type=product&#038;p=18065"},"modified":"2020-07-23T15:10:55","modified_gmt":"2020-07-23T13:10:55","slug":"grill-electrique-a-poser-nervure-406026","status":"publish","type":"product","link":"https:\/\/www.rgequip.com\/?product=grill-electrique-a-poser-nervure-406026","title":{"rendered":"Grill  Electrique Rainur\u00e9 40*60*26 cm Sur Coffre"},"content":{"rendered":"<p>Il est enti\u00e8rement constuit en acier inoxydable pour \u00e9viter toute infiltration.<br \/>\nFacile \u00e0 fixer\u00a0 avec d&#8217;autres appareils.<br \/>\nDe m\u00eame, muni d&#8217;une protections anti-\u00e9claboussures hautes en acier inoxydable \u00e0 l&#8217;arri\u00e8re et sur les c\u00f4t\u00e9s de la surface de cuisson.<br \/>\nPoss\u00e8de un trou de vidange sur la surface de cuisson pour faciliter le fonctionnement et le nettoyage.<br \/>\n\u00abSurface de cuisson enti\u00e8rement nervur\u00e9e\u00bb<\/p>\n","protected":false},"excerpt":{"rendered":"<p>Il est enti\u00e8rement constuit en acier inoxydable pour \u00e9viter toute infiltration. Facile \u00e0 fixer\u00a0 avec d&#8217;autres appareils. De m\u00eame, muni<\/p>\n","protected":false},"featured_media":18085,"comment_status":"open","ping_status":"closed","template":"","meta":[],"product_brand":[],"product_cat":[261,226,235],"product_tag":[],"class_list":{"0":"post-18065","1":"product","2":"type-product","3":"status-publish","4":"has-post-thumbnail","6":"product_cat-plancha","7":"product_cat-cuisson","8":"product_cat-snacking","10":"first","11":"instock","12":"shipping-taxable","13":"product-type-simple"},"_links":{"self":[{"href":"https:\/\/www.rgequip.com\/index.php?rest_route=\/wp\/v2\/product\/18065","targetHints":{"allow":["GET"]}}],"collection":[{"href":"https:\/\/www.rgequip.com\/index.php?rest_route=\/wp\/v2\/product"}],"about":[{"href":"https:\/\/www.rgequip.com\/index.php?rest_route=\/wp\/v2\/types\/product"}],"replies":[{"embeddable":true,"href":"https:\/\/www.rgequip.com\/index.php?rest_route=%2Fwp%2Fv2%2Fcomments&post=18065"}],"version-history":[{"count":1,"href":"https:\/\/www.rgequip.com\/index.php?rest_route=\/wp\/v2\/product\/18065\/revisions"}],"predecessor-version":[{"id":18374,"href":"https:\/\/www.rgequip.com\/index.php?rest_route=\/wp\/v2\/product\/18065\/revisions\/18374"}],"wp:featuredmedia":[{"embeddable":true,"href":"https:\/\/www.rgequip.com\/index.php?rest_route=\/wp\/v2\/media\/18085"}],"wp:attachment":[{"href":"https:\/\/www.rgequip.com\/index.php?rest_route=%2Fwp%2Fv2%2Fmedia&parent=18065"}],"wp:term":[{"taxonomy":"product_brand","embeddable":true,"href":"https:\/\/www.rgequip.com\/index.php?rest_route=%2Fwp%2Fv2%2Fproduct_brand&post=18065"},{"taxonomy":"product_cat","embeddable":true,"href":"https:\/\/www.rgequip.com\/index.php?rest_route=%2Fwp%2Fv2%2Fproduct_cat&post=18065"},{"taxonomy":"product_tag","embeddable":true,"href":"https:\/\/www.rgequip.com\/index.php?rest_route=%2Fwp%2Fv2%2Fproduct_tag&post=18065"}],"curies":[{"name":"wp","href":"https:\/\/api.w.org\/{rel}","templated":true}]}}