{"id":18063,"date":"2020-07-07T15:55:39","date_gmt":"2020-07-07T13:55:39","guid":{"rendered":"https:\/\/www.rgequip.com\/?post_type=product&#038;p=18063"},"modified":"2020-07-07T15:55:59","modified_gmt":"2020-07-07T13:55:59","slug":"bain-marie-a-poser-04-bacs-gn-1-1","status":"publish","type":"product","link":"https:\/\/www.rgequip.com\/?product=bain-marie-a-poser-04-bacs-gn-1-1","title":{"rendered":"Bain Marie \u00e0 poser 04 bacs Gn 1\/1"},"content":{"rendered":"<p>Unit\u00e9 de service chaude \u00e0 poser<\/p>\n<p>Tout corps en acier inoxydable<br \/>\nCommande thermostatique<br \/>\nLumi\u00e8re LED ,carrossage dessus en verre.<br \/>\nAppropri\u00e9es pour les GN 150 mm de profondeur<\/p>\n","protected":false},"excerpt":{"rendered":"<p>Unit\u00e9 de service chaude \u00e0 poser Tout corps en acier inoxydable Commande thermostatique Lumi\u00e8re LED ,carrossage dessus en verre. Appropri\u00e9es<\/p>\n","protected":false},"featured_media":18067,"comment_status":"open","ping_status":"closed","template":"","meta":[],"product_brand":[],"product_cat":[313,301],"product_tag":[],"class_list":{"0":"post-18063","1":"product","2":"type-product","3":"status-publish","4":"has-post-thumbnail","6":"product_cat-maintien-chaud","7":"product_cat-bain-marie","9":"first","10":"instock","11":"shipping-taxable","12":"product-type-simple"},"_links":{"self":[{"href":"https:\/\/www.rgequip.com\/index.php?rest_route=\/wp\/v2\/product\/18063","targetHints":{"allow":["GET"]}}],"collection":[{"href":"https:\/\/www.rgequip.com\/index.php?rest_route=\/wp\/v2\/product"}],"about":[{"href":"https:\/\/www.rgequip.com\/index.php?rest_route=\/wp\/v2\/types\/product"}],"replies":[{"embeddable":true,"href":"https:\/\/www.rgequip.com\/index.php?rest_route=%2Fwp%2Fv2%2Fcomments&post=18063"}],"version-history":[{"count":0,"href":"https:\/\/www.rgequip.com\/index.php?rest_route=\/wp\/v2\/product\/18063\/revisions"}],"wp:featuredmedia":[{"embeddable":true,"href":"https:\/\/www.rgequip.com\/index.php?rest_route=\/wp\/v2\/media\/18067"}],"wp:attachment":[{"href":"https:\/\/www.rgequip.com\/index.php?rest_route=%2Fwp%2Fv2%2Fmedia&parent=18063"}],"wp:term":[{"taxonomy":"product_brand","embeddable":true,"href":"https:\/\/www.rgequip.com\/index.php?rest_route=%2Fwp%2Fv2%2Fproduct_brand&post=18063"},{"taxonomy":"product_cat","embeddable":true,"href":"https:\/\/www.rgequip.com\/index.php?rest_route=%2Fwp%2Fv2%2Fproduct_cat&post=18063"},{"taxonomy":"product_tag","embeddable":true,"href":"https:\/\/www.rgequip.com\/index.php?rest_route=%2Fwp%2Fv2%2Fproduct_tag&post=18063"}],"curies":[{"name":"wp","href":"https:\/\/api.w.org\/{rel}","templated":true}]}}