{"id":18056,"date":"2020-07-07T15:16:20","date_gmt":"2020-07-07T13:16:20","guid":{"rendered":"https:\/\/www.rgequip.com\/?post_type=product&#038;p=18056"},"modified":"2020-07-07T15:33:43","modified_gmt":"2020-07-07T13:33:43","slug":"hotte-daspiration-murale-2400700450","status":"publish","type":"product","link":"https:\/\/www.rgequip.com\/?product=hotte-daspiration-murale-2400700450","title":{"rendered":"Hotte d&#8217;aspiration murale 2400*700*450"},"content":{"rendered":"<p>Hotte aspirante Snack,dimensions cm. 2400x700x450 avec trou de sortie sup\u00e9rieur.<br \/>\nComplet avec double ventilateur d&#8217;aspiration<br \/>\nR\u00e9gulateur de contr\u00f4le de vitesse, touches et voyants de marche \/ arr\u00eat du moteur.<br \/>\ncaract\u00e9ris\u00e9es par une structure \u00e9lectro-soud\u00e9e en acier inoxydable satin\u00e9 scotch-brite.<br \/>\nR\u00e9servoir pour la collecte de condensat et de graisse,<br \/>\nPoss\u00e8de en plus un robinet de vidange garantissant une hygi\u00e8ne et une s\u00e9curit\u00e9 maximales lors des nettoyages.<br \/>\nFiltres \u00e0 graisse en acier inoxydable 18\/10 avec labyrinthe.<\/p>\n","protected":false},"excerpt":{"rendered":"<p>Hotte aspirante Snack,dimensions cm. 2400x700x450 avec trou de sortie sup\u00e9rieur. Complet avec double ventilateur d&#8217;aspiration R\u00e9gulateur de contr\u00f4le de vitesse,<\/p>\n","protected":false},"featured_media":8954,"comment_status":"open","ping_status":"closed","template":"","meta":[],"product_brand":[],"product_cat":[406,410],"product_tag":[],"class_list":{"0":"post-18056","1":"product","2":"type-product","3":"status-publish","4":"has-post-thumbnail","6":"product_cat-autres-inox","7":"product_cat-hotte-aspirante","9":"first","10":"instock","11":"shipping-taxable","12":"product-type-simple"},"_links":{"self":[{"href":"https:\/\/www.rgequip.com\/index.php?rest_route=\/wp\/v2\/product\/18056","targetHints":{"allow":["GET"]}}],"collection":[{"href":"https:\/\/www.rgequip.com\/index.php?rest_route=\/wp\/v2\/product"}],"about":[{"href":"https:\/\/www.rgequip.com\/index.php?rest_route=\/wp\/v2\/types\/product"}],"replies":[{"embeddable":true,"href":"https:\/\/www.rgequip.com\/index.php?rest_route=%2Fwp%2Fv2%2Fcomments&post=18056"}],"version-history":[{"count":0,"href":"https:\/\/www.rgequip.com\/index.php?rest_route=\/wp\/v2\/product\/18056\/revisions"}],"wp:featuredmedia":[{"embeddable":true,"href":"https:\/\/www.rgequip.com\/index.php?rest_route=\/wp\/v2\/media\/8954"}],"wp:attachment":[{"href":"https:\/\/www.rgequip.com\/index.php?rest_route=%2Fwp%2Fv2%2Fmedia&parent=18056"}],"wp:term":[{"taxonomy":"product_brand","embeddable":true,"href":"https:\/\/www.rgequip.com\/index.php?rest_route=%2Fwp%2Fv2%2Fproduct_brand&post=18056"},{"taxonomy":"product_cat","embeddable":true,"href":"https:\/\/www.rgequip.com\/index.php?rest_route=%2Fwp%2Fv2%2Fproduct_cat&post=18056"},{"taxonomy":"product_tag","embeddable":true,"href":"https:\/\/www.rgequip.com\/index.php?rest_route=%2Fwp%2Fv2%2Fproduct_tag&post=18056"}],"curies":[{"name":"wp","href":"https:\/\/api.w.org\/{rel}","templated":true}]}}