{"id":18052,"date":"2020-07-07T15:46:59","date_gmt":"2020-07-07T13:46:59","guid":{"rendered":"https:\/\/www.rgequip.com\/?post_type=product&#038;p=18052"},"modified":"2020-07-17T12:52:42","modified_gmt":"2020-07-17T10:52:42","slug":"friteuse-a-gaz-44-kw-2-cuves-avec-placards-ferme","status":"publish","type":"product","link":"https:\/\/www.rgequip.com\/?product=friteuse-a-gaz-44-kw-2-cuves-avec-placards-ferme","title":{"rendered":"Friteuse \u00e0 Gaz 44 Kw  2 Cuves avec Placards Ferm\u00e9"},"content":{"rendered":"<p>La capacit\u00e9 du r\u00e9servoir est de 22 litres.<br \/>\nLe formulaire de remise sp\u00e9cial sur le c\u00f4t\u00e9 utilisateur de la chambre de la friteuse emp\u00eache le d\u00e9bordement.<\/p>\n<p>Il est \u00e0 un corps en acier inoxydable.<br \/>\nLa temp\u00e9rature de l&#8217;huile dans la piscine est r\u00e9gl\u00e9e au maximum \u00e0 190 \u00b0 C au moyen d&#8217;un thermostat qui\u00a0 emp\u00eacher l&#8217;huile de surchauffer.<br \/>\nLes mod\u00e8les \u00e0 gaz ont des br\u00fbleurs en acier inoxydable \u00e0 haute efficacit\u00e9 et de conception sp\u00e9ciale.<\/p>\n<p>Poss\u00e8de une s\u00e9curit\u00e9 renforc\u00e9e avec le syst\u00e8me d&#8217;allumage pi\u00e9zo-l\u00e9ger.<\/p>\n<p>Il y a deux paniers dans chaque chambre en standard.<br \/>\nLa piscine monobloc \u00e0 emboutissage profond est en acier inoxydable AISI 316.<\/p>\n<p>La piscine est durable et facile \u00e0 nettoyer.<br \/>\nAvec le volume de la piscine de 40 litres, il est possible de recevoir une grande quantit\u00e9 de produit.<\/p>\n<p>l&#8217;\u00e9lectrovanne contr\u00f4le l&#8217;entr\u00e9 de l&#8217;eau<\/p>\n<p>La grande vanne de vidange permet de vider la piscine.<\/p>\n","protected":false},"excerpt":{"rendered":"<p>La capacit\u00e9 du r\u00e9servoir est de 22 litres. Le formulaire de remise sp\u00e9cial sur le c\u00f4t\u00e9 utilisateur de la chambre<\/p>\n","protected":false},"featured_media":18064,"comment_status":"open","ping_status":"closed","template":"","meta":[],"product_brand":[],"product_cat":[233,255],"product_tag":[],"class_list":{"0":"post-18052","1":"product","2":"type-product","3":"status-publish","4":"has-post-thumbnail","6":"product_cat-friteuses","7":"product_cat-friteuse-gaz","9":"first","10":"instock","11":"shipping-taxable","12":"product-type-simple"},"_links":{"self":[{"href":"https:\/\/www.rgequip.com\/index.php?rest_route=\/wp\/v2\/product\/18052","targetHints":{"allow":["GET"]}}],"collection":[{"href":"https:\/\/www.rgequip.com\/index.php?rest_route=\/wp\/v2\/product"}],"about":[{"href":"https:\/\/www.rgequip.com\/index.php?rest_route=\/wp\/v2\/types\/product"}],"replies":[{"embeddable":true,"href":"https:\/\/www.rgequip.com\/index.php?rest_route=%2Fwp%2Fv2%2Fcomments&post=18052"}],"version-history":[{"count":0,"href":"https:\/\/www.rgequip.com\/index.php?rest_route=\/wp\/v2\/product\/18052\/revisions"}],"wp:featuredmedia":[{"embeddable":true,"href":"https:\/\/www.rgequip.com\/index.php?rest_route=\/wp\/v2\/media\/18064"}],"wp:attachment":[{"href":"https:\/\/www.rgequip.com\/index.php?rest_route=%2Fwp%2Fv2%2Fmedia&parent=18052"}],"wp:term":[{"taxonomy":"product_brand","embeddable":true,"href":"https:\/\/www.rgequip.com\/index.php?rest_route=%2Fwp%2Fv2%2Fproduct_brand&post=18052"},{"taxonomy":"product_cat","embeddable":true,"href":"https:\/\/www.rgequip.com\/index.php?rest_route=%2Fwp%2Fv2%2Fproduct_cat&post=18052"},{"taxonomy":"product_tag","embeddable":true,"href":"https:\/\/www.rgequip.com\/index.php?rest_route=%2Fwp%2Fv2%2Fproduct_tag&post=18052"}],"curies":[{"name":"wp","href":"https:\/\/api.w.org\/{rel}","templated":true}]}}