{"id":18046,"date":"2020-07-07T15:08:41","date_gmt":"2020-07-07T13:08:41","guid":{"rendered":"https:\/\/www.rgequip.com\/?post_type=product&#038;p=18046"},"modified":"2020-07-07T15:31:55","modified_gmt":"2020-07-07T13:31:55","slug":"bain-marie-05-bacs-gn-1-1","status":"publish","type":"product","link":"https:\/\/www.rgequip.com\/?product=bain-marie-05-bacs-gn-1-1","title":{"rendered":"Bain marie 05 Bacs avec thermostat s\u00e9par\u00e9 GN 1\/1"},"content":{"rendered":"<p>Ce bain marie est contr\u00f4l\u00e9 s\u00e9par\u00e9ment pour chaque cuve.<\/p>\n<p>vous pouvez donc avoir des temp\u00e9ratures diff\u00e9rentes ou allumer en continu.<\/p>\n<p>Il rend le bain marie beaucoup plus flexible et \u00e9conome en \u00e9nergie.<\/p>\n","protected":false},"excerpt":{"rendered":"<p>Ce bain marie est contr\u00f4l\u00e9 s\u00e9par\u00e9ment pour chaque cuve. vous pouvez donc avoir des temp\u00e9ratures diff\u00e9rentes ou allumer en continu.<\/p>\n","protected":false},"featured_media":18053,"comment_status":"open","ping_status":"closed","template":"","meta":[],"product_brand":[],"product_cat":[313,301],"product_tag":[],"class_list":{"0":"post-18046","1":"product","2":"type-product","3":"status-publish","4":"has-post-thumbnail","6":"product_cat-maintien-chaud","7":"product_cat-bain-marie","9":"first","10":"instock","11":"shipping-taxable","12":"product-type-simple"},"_links":{"self":[{"href":"https:\/\/www.rgequip.com\/index.php?rest_route=\/wp\/v2\/product\/18046","targetHints":{"allow":["GET"]}}],"collection":[{"href":"https:\/\/www.rgequip.com\/index.php?rest_route=\/wp\/v2\/product"}],"about":[{"href":"https:\/\/www.rgequip.com\/index.php?rest_route=\/wp\/v2\/types\/product"}],"replies":[{"embeddable":true,"href":"https:\/\/www.rgequip.com\/index.php?rest_route=%2Fwp%2Fv2%2Fcomments&post=18046"}],"version-history":[{"count":0,"href":"https:\/\/www.rgequip.com\/index.php?rest_route=\/wp\/v2\/product\/18046\/revisions"}],"wp:featuredmedia":[{"embeddable":true,"href":"https:\/\/www.rgequip.com\/index.php?rest_route=\/wp\/v2\/media\/18053"}],"wp:attachment":[{"href":"https:\/\/www.rgequip.com\/index.php?rest_route=%2Fwp%2Fv2%2Fmedia&parent=18046"}],"wp:term":[{"taxonomy":"product_brand","embeddable":true,"href":"https:\/\/www.rgequip.com\/index.php?rest_route=%2Fwp%2Fv2%2Fproduct_brand&post=18046"},{"taxonomy":"product_cat","embeddable":true,"href":"https:\/\/www.rgequip.com\/index.php?rest_route=%2Fwp%2Fv2%2Fproduct_cat&post=18046"},{"taxonomy":"product_tag","embeddable":true,"href":"https:\/\/www.rgequip.com\/index.php?rest_route=%2Fwp%2Fv2%2Fproduct_tag&post=18046"}],"curies":[{"name":"wp","href":"https:\/\/api.w.org\/{rel}","templated":true}]}}