{"id":18045,"date":"2020-07-07T14:54:59","date_gmt":"2020-07-07T12:54:59","guid":{"rendered":"https:\/\/www.rgequip.com\/?post_type=product&#038;p=18045"},"modified":"2020-07-17T12:45:38","modified_gmt":"2020-07-17T10:45:38","slug":"batteur-melangeur-20-l-triphase-avec-variation-de-vitesse","status":"publish","type":"product","link":"https:\/\/www.rgequip.com\/?product=batteur-melangeur-20-l-triphase-avec-variation-de-vitesse","title":{"rendered":"Batteur M\u00e9langeur 20 L Triphas\u00e9 avec Variation de Vitesse"},"content":{"rendered":"<p>L&#8217;appareil de m\u00e9lange et la chaudi\u00e8re sont en acier inoxydable.<\/p>\n<p>Mod\u00e8le triphas\u00e9.<\/p>\n<p>Il poss\u00e8de une\u00a0 peinture \u00e9lectrostatique.<br \/>\nFonctionne en douceur et sans bruit.<br \/>\nIl dispose de 3 appareils diff\u00e9rents adapt\u00e9s aux processus de fouettage, de m\u00e9lange et de p\u00e9trissage.<br \/>\nIl fonctionne avec le syst\u00e8me de contr\u00f4le du variateur, la machine est de 40 \u00e0 160 tr \/ min<br \/>\nLa machine s&#8217;arr\u00eate automatiquement apr\u00e8s l&#8217;op\u00e9ration \u00e0 l&#8217;heure d\u00e9finie entre (0-90 min).<br \/>\nCage de protection contr\u00f4l\u00e9e par interrupteur.<\/p>\n","protected":false},"excerpt":{"rendered":"<p>L&#8217;appareil de m\u00e9lange et la chaudi\u00e8re sont en acier inoxydable. Mod\u00e8le triphas\u00e9. Il poss\u00e8de une\u00a0 peinture \u00e9lectrostatique. Fonctionne en douceur<\/p>\n","protected":false},"featured_media":18047,"comment_status":"open","ping_status":"closed","template":"","meta":[],"product_brand":[],"product_cat":[375,390],"product_tag":[],"class_list":{"0":"post-18045","1":"product","2":"type-product","3":"status-publish","4":"has-post-thumbnail","6":"product_cat-patisserie-et-specialistes","7":"product_cat-batteurs-melangeurs","9":"first","10":"instock","11":"shipping-taxable","12":"product-type-simple"},"_links":{"self":[{"href":"https:\/\/www.rgequip.com\/index.php?rest_route=\/wp\/v2\/product\/18045","targetHints":{"allow":["GET"]}}],"collection":[{"href":"https:\/\/www.rgequip.com\/index.php?rest_route=\/wp\/v2\/product"}],"about":[{"href":"https:\/\/www.rgequip.com\/index.php?rest_route=\/wp\/v2\/types\/product"}],"replies":[{"embeddable":true,"href":"https:\/\/www.rgequip.com\/index.php?rest_route=%2Fwp%2Fv2%2Fcomments&post=18045"}],"version-history":[{"count":0,"href":"https:\/\/www.rgequip.com\/index.php?rest_route=\/wp\/v2\/product\/18045\/revisions"}],"wp:featuredmedia":[{"embeddable":true,"href":"https:\/\/www.rgequip.com\/index.php?rest_route=\/wp\/v2\/media\/18047"}],"wp:attachment":[{"href":"https:\/\/www.rgequip.com\/index.php?rest_route=%2Fwp%2Fv2%2Fmedia&parent=18045"}],"wp:term":[{"taxonomy":"product_brand","embeddable":true,"href":"https:\/\/www.rgequip.com\/index.php?rest_route=%2Fwp%2Fv2%2Fproduct_brand&post=18045"},{"taxonomy":"product_cat","embeddable":true,"href":"https:\/\/www.rgequip.com\/index.php?rest_route=%2Fwp%2Fv2%2Fproduct_cat&post=18045"},{"taxonomy":"product_tag","embeddable":true,"href":"https:\/\/www.rgequip.com\/index.php?rest_route=%2Fwp%2Fv2%2Fproduct_tag&post=18045"}],"curies":[{"name":"wp","href":"https:\/\/api.w.org\/{rel}","templated":true}]}}