{"id":18038,"date":"2020-07-07T14:28:06","date_gmt":"2020-07-07T12:28:06","guid":{"rendered":"https:\/\/www.rgequip.com\/?post_type=product&#038;p=18038"},"modified":"2020-07-07T14:28:07","modified_gmt":"2020-07-07T12:28:07","slug":"bacs-gastronorme-inox-gn-1-4-100-mm","status":"publish","type":"product","link":"https:\/\/www.rgequip.com\/?product=bacs-gastronorme-inox-gn-1-4-100-mm","title":{"rendered":"Bacs Gastronorme Inox Gn 1\/4-100 mm"},"content":{"rendered":"<p>Bac gastronorme<br \/>\nId\u00e9al pour pr\u00e9parer, pr\u00e9senter et conserver les aliments<br \/>\nDe m\u00eame, fabriqu\u00e9 en acier inoxydable il va au lave-vaisselle<br \/>\nSans couvercle<br \/>\nConforme aux normes alimentairse europ\u00e9enne EN 631<\/p>\n","protected":false},"excerpt":{"rendered":"<p>Bac gastronorme Id\u00e9al pour pr\u00e9parer, pr\u00e9senter et conserver les aliments De m\u00eame, fabriqu\u00e9 en acier inoxydable il va au lave-vaisselle<\/p>\n","protected":false},"featured_media":18041,"comment_status":"open","ping_status":"closed","template":"","meta":[],"product_brand":[],"product_cat":[340,345,355],"product_tag":[],"class_list":{"0":"post-18038","1":"product","2":"type-product","3":"status-publish","4":"has-post-thumbnail","6":"product_cat-accessoires-preparation","7":"product_cat-bacs-gastronomes","8":"product_cat-ustensils","10":"first","11":"instock","12":"shipping-taxable","13":"product-type-simple"},"_links":{"self":[{"href":"https:\/\/www.rgequip.com\/index.php?rest_route=\/wp\/v2\/product\/18038","targetHints":{"allow":["GET"]}}],"collection":[{"href":"https:\/\/www.rgequip.com\/index.php?rest_route=\/wp\/v2\/product"}],"about":[{"href":"https:\/\/www.rgequip.com\/index.php?rest_route=\/wp\/v2\/types\/product"}],"replies":[{"embeddable":true,"href":"https:\/\/www.rgequip.com\/index.php?rest_route=%2Fwp%2Fv2%2Fcomments&post=18038"}],"version-history":[{"count":0,"href":"https:\/\/www.rgequip.com\/index.php?rest_route=\/wp\/v2\/product\/18038\/revisions"}],"wp:featuredmedia":[{"embeddable":true,"href":"https:\/\/www.rgequip.com\/index.php?rest_route=\/wp\/v2\/media\/18041"}],"wp:attachment":[{"href":"https:\/\/www.rgequip.com\/index.php?rest_route=%2Fwp%2Fv2%2Fmedia&parent=18038"}],"wp:term":[{"taxonomy":"product_brand","embeddable":true,"href":"https:\/\/www.rgequip.com\/index.php?rest_route=%2Fwp%2Fv2%2Fproduct_brand&post=18038"},{"taxonomy":"product_cat","embeddable":true,"href":"https:\/\/www.rgequip.com\/index.php?rest_route=%2Fwp%2Fv2%2Fproduct_cat&post=18038"},{"taxonomy":"product_tag","embeddable":true,"href":"https:\/\/www.rgequip.com\/index.php?rest_route=%2Fwp%2Fv2%2Fproduct_tag&post=18038"}],"curies":[{"name":"wp","href":"https:\/\/api.w.org\/{rel}","templated":true}]}}