{"id":18030,"date":"2020-07-07T14:23:36","date_gmt":"2020-07-07T12:23:36","guid":{"rendered":"https:\/\/www.rgequip.com\/?post_type=product&#038;p=18030"},"modified":"2020-07-07T14:23:36","modified_gmt":"2020-07-07T12:23:36","slug":"frigo-professionnel-pour-boisson-372-litre","status":"publish","type":"product","link":"https:\/\/www.rgequip.com\/?product=frigo-professionnel-pour-boisson-372-litre","title":{"rendered":"Frigo Professionnel pour Boisson  372 Litre"},"content":{"rendered":"<p><span>Conception int\u00e9rieure sp\u00e9ciale pour fournir une capacit\u00e9 de chargement \u00e9lev\u00e9e<\/span><br \/>\n<span>\u00c9clairage int\u00e9rieur fournissant une visibilit\u00e9 parfaite du produit<\/span><br \/>\n<span>Porte en verre tremp\u00e9<\/span><br \/>\n<span>Le Condenseur \u00e0 <\/span><span>fil\u00a0 r\u00e9duit le co\u00fbt d&#8217;entretien <\/span><br \/>\n<span>Dot\u00e9e de pieds r\u00e9glables et de 2 roues<\/span><\/p>\n","protected":false},"excerpt":{"rendered":"<p>Conception int\u00e9rieure sp\u00e9ciale pour fournir une capacit\u00e9 de chargement \u00e9lev\u00e9e \u00c9clairage int\u00e9rieur fournissant une visibilit\u00e9 parfaite du produit Porte en<\/p>\n","protected":false},"featured_media":18039,"comment_status":"open","ping_status":"closed","template":"","meta":[],"product_brand":[],"product_cat":[268,278,269,271],"product_tag":[],"class_list":{"0":"post-18030","1":"product","2":"type-product","3":"status-publish","4":"has-post-thumbnail","6":"product_cat-froids","7":"product_cat-a-positives","8":"product_cat-armoires","9":"product_cat-boissons","11":"first","12":"instock","13":"shipping-taxable","14":"product-type-simple"},"_links":{"self":[{"href":"https:\/\/www.rgequip.com\/index.php?rest_route=\/wp\/v2\/product\/18030","targetHints":{"allow":["GET"]}}],"collection":[{"href":"https:\/\/www.rgequip.com\/index.php?rest_route=\/wp\/v2\/product"}],"about":[{"href":"https:\/\/www.rgequip.com\/index.php?rest_route=\/wp\/v2\/types\/product"}],"replies":[{"embeddable":true,"href":"https:\/\/www.rgequip.com\/index.php?rest_route=%2Fwp%2Fv2%2Fcomments&post=18030"}],"version-history":[{"count":0,"href":"https:\/\/www.rgequip.com\/index.php?rest_route=\/wp\/v2\/product\/18030\/revisions"}],"wp:featuredmedia":[{"embeddable":true,"href":"https:\/\/www.rgequip.com\/index.php?rest_route=\/wp\/v2\/media\/18039"}],"wp:attachment":[{"href":"https:\/\/www.rgequip.com\/index.php?rest_route=%2Fwp%2Fv2%2Fmedia&parent=18030"}],"wp:term":[{"taxonomy":"product_brand","embeddable":true,"href":"https:\/\/www.rgequip.com\/index.php?rest_route=%2Fwp%2Fv2%2Fproduct_brand&post=18030"},{"taxonomy":"product_cat","embeddable":true,"href":"https:\/\/www.rgequip.com\/index.php?rest_route=%2Fwp%2Fv2%2Fproduct_cat&post=18030"},{"taxonomy":"product_tag","embeddable":true,"href":"https:\/\/www.rgequip.com\/index.php?rest_route=%2Fwp%2Fv2%2Fproduct_tag&post=18030"}],"curies":[{"name":"wp","href":"https:\/\/api.w.org\/{rel}","templated":true}]}}