{"id":18026,"date":"2020-07-07T14:06:11","date_gmt":"2020-07-07T12:06:11","guid":{"rendered":"https:\/\/www.rgequip.com\/?post_type=product&#038;p=18026"},"modified":"2021-03-30T14:23:11","modified_gmt":"2021-03-30T12:23:11","slug":"bac-gastronorme-gn-1-1-100-mm","status":"publish","type":"product","link":"https:\/\/www.rgequip.com\/?product=bac-gastronorme-gn-1-1-100-mm","title":{"rendered":"Bac Gastronorme Gn 1\/1-100 mm"},"content":{"rendered":"<p>Bac gastronorme<br \/>\nId\u00e9al pour pr\u00e9parer, pr\u00e9senter et conserver les aliments<br \/>\nDe m\u00eame, fabriqu\u00e9 en acier inoxydable il va au lave-vaisselle<br \/>\nSans couvercle<br \/>\nConforme aux normes alimentairse europ\u00e9enne EN 631<\/p>\n","protected":false},"excerpt":{"rendered":"<p><strong>0311.11100.10<\/strong><\/p>\n<p><strong>BAC GASTRONORME GN 1\/1-100<\/strong><\/p>\n<p>Dim\u00a0: 530*325*100 mm<\/p>\n<p>Cap\u00a0:\u00a0 \u00a012,6 L<\/p>\n","protected":false},"featured_media":18028,"comment_status":"open","ping_status":"closed","template":"","meta":[],"product_brand":[],"product_cat":[340,345,355],"product_tag":[],"class_list":{"0":"post-18026","1":"product","2":"type-product","3":"status-publish","4":"has-post-thumbnail","6":"product_cat-accessoires-preparation","7":"product_cat-bacs-gastronomes","8":"product_cat-ustensils","10":"first","11":"instock","12":"shipping-taxable","13":"product-type-simple"},"_links":{"self":[{"href":"https:\/\/www.rgequip.com\/index.php?rest_route=\/wp\/v2\/product\/18026","targetHints":{"allow":["GET"]}}],"collection":[{"href":"https:\/\/www.rgequip.com\/index.php?rest_route=\/wp\/v2\/product"}],"about":[{"href":"https:\/\/www.rgequip.com\/index.php?rest_route=\/wp\/v2\/types\/product"}],"replies":[{"embeddable":true,"href":"https:\/\/www.rgequip.com\/index.php?rest_route=%2Fwp%2Fv2%2Fcomments&post=18026"}],"version-history":[{"count":1,"href":"https:\/\/www.rgequip.com\/index.php?rest_route=\/wp\/v2\/product\/18026\/revisions"}],"predecessor-version":[{"id":18828,"href":"https:\/\/www.rgequip.com\/index.php?rest_route=\/wp\/v2\/product\/18026\/revisions\/18828"}],"wp:featuredmedia":[{"embeddable":true,"href":"https:\/\/www.rgequip.com\/index.php?rest_route=\/wp\/v2\/media\/18028"}],"wp:attachment":[{"href":"https:\/\/www.rgequip.com\/index.php?rest_route=%2Fwp%2Fv2%2Fmedia&parent=18026"}],"wp:term":[{"taxonomy":"product_brand","embeddable":true,"href":"https:\/\/www.rgequip.com\/index.php?rest_route=%2Fwp%2Fv2%2Fproduct_brand&post=18026"},{"taxonomy":"product_cat","embeddable":true,"href":"https:\/\/www.rgequip.com\/index.php?rest_route=%2Fwp%2Fv2%2Fproduct_cat&post=18026"},{"taxonomy":"product_tag","embeddable":true,"href":"https:\/\/www.rgequip.com\/index.php?rest_route=%2Fwp%2Fv2%2Fproduct_tag&post=18026"}],"curies":[{"name":"wp","href":"https:\/\/api.w.org\/{rel}","templated":true}]}}