{"id":18022,"date":"2020-07-07T13:57:01","date_gmt":"2020-07-07T11:57:01","guid":{"rendered":"https:\/\/www.rgequip.com\/?post_type=product&#038;p=18022"},"modified":"2020-07-07T13:57:01","modified_gmt":"2020-07-07T11:57:01","slug":"congelateur-vitre-491-litres","status":"publish","type":"product","link":"https:\/\/www.rgequip.com\/?product=congelateur-vitre-491-litres","title":{"rendered":"Cong\u00e9lateur vitr\u00e9  491 Litres"},"content":{"rendered":"<p>Ce cong\u00e9lateur Fournit un refroidissement id\u00e9al.<\/p>\n<p>Une possibilit\u00e9 de pr\u00e9sentation parfaite pour la cong\u00e9lation et les produits congel\u00e9s.<\/p>\n<p>Facile \u00e0 utiliser avec couvercle en verre coulissant et syst\u00e8me de verrouillage int\u00e9gr\u00e9<\/p>\n<p>De m\u00eame, le Condenseur int\u00e9gr\u00e9 est sans entretien dans ce mod\u00e8les<\/p>\n<p>Il est possible de Drainer de l&#8217;eau<\/p>\n","protected":false},"excerpt":{"rendered":"<p>Ce cong\u00e9lateur Fournit un refroidissement id\u00e9al. Une possibilit\u00e9 de pr\u00e9sentation parfaite pour la cong\u00e9lation et les produits congel\u00e9s. Facile \u00e0<\/p>\n","protected":false},"featured_media":18027,"comment_status":"open","ping_status":"closed","template":"","meta":[],"product_brand":[],"product_cat":[268,273],"product_tag":[],"class_list":{"0":"post-18022","1":"product","2":"type-product","3":"status-publish","4":"has-post-thumbnail","6":"product_cat-froids","7":"product_cat-congelateurs","9":"first","10":"instock","11":"shipping-taxable","12":"product-type-simple"},"_links":{"self":[{"href":"https:\/\/www.rgequip.com\/index.php?rest_route=\/wp\/v2\/product\/18022","targetHints":{"allow":["GET"]}}],"collection":[{"href":"https:\/\/www.rgequip.com\/index.php?rest_route=\/wp\/v2\/product"}],"about":[{"href":"https:\/\/www.rgequip.com\/index.php?rest_route=\/wp\/v2\/types\/product"}],"replies":[{"embeddable":true,"href":"https:\/\/www.rgequip.com\/index.php?rest_route=%2Fwp%2Fv2%2Fcomments&post=18022"}],"version-history":[{"count":0,"href":"https:\/\/www.rgequip.com\/index.php?rest_route=\/wp\/v2\/product\/18022\/revisions"}],"wp:featuredmedia":[{"embeddable":true,"href":"https:\/\/www.rgequip.com\/index.php?rest_route=\/wp\/v2\/media\/18027"}],"wp:attachment":[{"href":"https:\/\/www.rgequip.com\/index.php?rest_route=%2Fwp%2Fv2%2Fmedia&parent=18022"}],"wp:term":[{"taxonomy":"product_brand","embeddable":true,"href":"https:\/\/www.rgequip.com\/index.php?rest_route=%2Fwp%2Fv2%2Fproduct_brand&post=18022"},{"taxonomy":"product_cat","embeddable":true,"href":"https:\/\/www.rgequip.com\/index.php?rest_route=%2Fwp%2Fv2%2Fproduct_cat&post=18022"},{"taxonomy":"product_tag","embeddable":true,"href":"https:\/\/www.rgequip.com\/index.php?rest_route=%2Fwp%2Fv2%2Fproduct_tag&post=18022"}],"curies":[{"name":"wp","href":"https:\/\/api.w.org\/{rel}","templated":true}]}}