{"id":18011,"date":"2020-07-06T18:18:45","date_gmt":"2020-07-06T16:18:45","guid":{"rendered":"https:\/\/www.rgequip.com\/?post_type=product&#038;p=18011"},"modified":"2020-07-06T18:18:45","modified_gmt":"2020-07-06T16:18:45","slug":"fourneaux-a-gaz-6-feux","status":"publish","type":"product","link":"https:\/\/www.rgequip.com\/?product=fourneaux-a-gaz-6-feux","title":{"rendered":"Fourneaux \u00e0 Gaz 6 Feux"},"content":{"rendered":"<p>Les fournaises \u00e0 gaz \u00e9quip\u00e9es d&#8217;un allumage pi\u00e9zo-l\u00e9ger.<br \/>\nDot\u00e9 de robinets avec dispositifs de s\u00e9curit\u00e9 et thermocouples pour contr\u00f4ler la flamme dans les foyers.<\/p>\n<p>Finition c\u00e9ramique noire pour une r\u00e9sistance et une long\u00e9vit\u00e9 accrue .<br \/>\nLe mat\u00e9riau en laiton permet une efficacit\u00e9 de combustion \u00e9lev\u00e9e et de faibles valeurs d&#8217;\u00e9mission de gaz.<br \/>\nla temp\u00e9rature interne du four \u00e0 gaz varie entre 100-300 \u00b0 C,<\/p>\n<p>Les glissi\u00e8res amovibles chrom\u00e9es dans le four permettent 3 niveaux de cuisson diff\u00e9rents au niveau du four.<br \/>\nLe br\u00fbleur du four \u00e0 micro-trous en acier inoxydable augmente rapidement l&#8217;efficacit\u00e9 maximale et la temp\u00e9rature du four.<br \/>\nDans chaque br\u00fbleur, la fonte est disponible pour mettre des casseroles ou des po\u00eales sur le po\u00eale.<\/p>\n<p>&nbsp;<\/p>\n","protected":false},"excerpt":{"rendered":"<p>Les fournaises \u00e0 gaz \u00e9quip\u00e9es d&#8217;un allumage pi\u00e9zo-l\u00e9ger. Dot\u00e9 de robinets avec dispositifs de s\u00e9curit\u00e9 et thermocouples pour contr\u00f4ler la<\/p>\n","protected":false},"featured_media":18012,"comment_status":"open","ping_status":"closed","template":"","meta":[],"product_brand":[],"product_cat":[226,227,240,228,237],"product_tag":[],"class_list":{"0":"post-18011","1":"product","2":"type-product","3":"status-publish","4":"has-post-thumbnail","6":"product_cat-cuisson","7":"product_cat-fourneaux","8":"product_cat-r-gaz","9":"product_cat-rechauds","10":"product_cat-series-700-900","12":"first","13":"instock","14":"shipping-taxable","15":"product-type-simple"},"_links":{"self":[{"href":"https:\/\/www.rgequip.com\/index.php?rest_route=\/wp\/v2\/product\/18011","targetHints":{"allow":["GET"]}}],"collection":[{"href":"https:\/\/www.rgequip.com\/index.php?rest_route=\/wp\/v2\/product"}],"about":[{"href":"https:\/\/www.rgequip.com\/index.php?rest_route=\/wp\/v2\/types\/product"}],"replies":[{"embeddable":true,"href":"https:\/\/www.rgequip.com\/index.php?rest_route=%2Fwp%2Fv2%2Fcomments&post=18011"}],"version-history":[{"count":0,"href":"https:\/\/www.rgequip.com\/index.php?rest_route=\/wp\/v2\/product\/18011\/revisions"}],"wp:featuredmedia":[{"embeddable":true,"href":"https:\/\/www.rgequip.com\/index.php?rest_route=\/wp\/v2\/media\/18012"}],"wp:attachment":[{"href":"https:\/\/www.rgequip.com\/index.php?rest_route=%2Fwp%2Fv2%2Fmedia&parent=18011"}],"wp:term":[{"taxonomy":"product_brand","embeddable":true,"href":"https:\/\/www.rgequip.com\/index.php?rest_route=%2Fwp%2Fv2%2Fproduct_brand&post=18011"},{"taxonomy":"product_cat","embeddable":true,"href":"https:\/\/www.rgequip.com\/index.php?rest_route=%2Fwp%2Fv2%2Fproduct_cat&post=18011"},{"taxonomy":"product_tag","embeddable":true,"href":"https:\/\/www.rgequip.com\/index.php?rest_route=%2Fwp%2Fv2%2Fproduct_tag&post=18011"}],"curies":[{"name":"wp","href":"https:\/\/api.w.org\/{rel}","templated":true}]}}