{"id":18009,"date":"2020-07-06T17:56:17","date_gmt":"2020-07-06T15:56:17","guid":{"rendered":"https:\/\/www.rgequip.com\/?post_type=product&#038;p=18009"},"modified":"2020-07-06T17:56:18","modified_gmt":"2020-07-06T15:56:18","slug":"friteuse-electrique-22-litres-2","status":"publish","type":"product","link":"https:\/\/www.rgequip.com\/?product=friteuse-electrique-22-litres-2","title":{"rendered":"Friteuse \u00c9lectrique 22 Litres *2"},"content":{"rendered":"<p>Cuve emboutie en inox 304 AISI pour un nettoyage plus facile et une meilleure hygi\u00e8ne<\/p>\n<p>R\u00e9gulation thermostatique pour une temp\u00e9rature de fonctionnement maximale de 190\u00b0C<\/p>\n<p>R\u00e9sistance blind\u00e9e avec puissance et intensit\u00e9 de chauffe<\/p>\n<p>Conserve\u00a0 une qualit\u00e9 d&#8217;huile optimale tout au long de la cuisson<\/p>\n<p>Robinet de vidange avec valve de s\u00e9curit\u00e9 .<\/p>\n<p>Capacit\u00e9 de production de pomme de terre\u00a0 35+35kg\/heure<\/p>\n<p>Temps de cuisson : 3 1\/2 minute<\/p>\n","protected":false},"excerpt":{"rendered":"<p>Cuve emboutie en inox 304 AISI pour un nettoyage plus facile et une meilleure hygi\u00e8ne R\u00e9gulation thermostatique pour une temp\u00e9rature<\/p>\n","protected":false},"featured_media":18010,"comment_status":"open","ping_status":"closed","template":"","meta":[],"product_brand":[],"product_cat":[226,256,233],"product_tag":[],"class_list":{"0":"post-18009","1":"product","2":"type-product","3":"status-publish","4":"has-post-thumbnail","6":"product_cat-cuisson","7":"product_cat-f-electrique","8":"product_cat-friteuses","10":"first","11":"instock","12":"shipping-taxable","13":"product-type-simple"},"_links":{"self":[{"href":"https:\/\/www.rgequip.com\/index.php?rest_route=\/wp\/v2\/product\/18009","targetHints":{"allow":["GET"]}}],"collection":[{"href":"https:\/\/www.rgequip.com\/index.php?rest_route=\/wp\/v2\/product"}],"about":[{"href":"https:\/\/www.rgequip.com\/index.php?rest_route=\/wp\/v2\/types\/product"}],"replies":[{"embeddable":true,"href":"https:\/\/www.rgequip.com\/index.php?rest_route=%2Fwp%2Fv2%2Fcomments&post=18009"}],"version-history":[{"count":0,"href":"https:\/\/www.rgequip.com\/index.php?rest_route=\/wp\/v2\/product\/18009\/revisions"}],"wp:featuredmedia":[{"embeddable":true,"href":"https:\/\/www.rgequip.com\/index.php?rest_route=\/wp\/v2\/media\/18010"}],"wp:attachment":[{"href":"https:\/\/www.rgequip.com\/index.php?rest_route=%2Fwp%2Fv2%2Fmedia&parent=18009"}],"wp:term":[{"taxonomy":"product_brand","embeddable":true,"href":"https:\/\/www.rgequip.com\/index.php?rest_route=%2Fwp%2Fv2%2Fproduct_brand&post=18009"},{"taxonomy":"product_cat","embeddable":true,"href":"https:\/\/www.rgequip.com\/index.php?rest_route=%2Fwp%2Fv2%2Fproduct_cat&post=18009"},{"taxonomy":"product_tag","embeddable":true,"href":"https:\/\/www.rgequip.com\/index.php?rest_route=%2Fwp%2Fv2%2Fproduct_tag&post=18009"}],"curies":[{"name":"wp","href":"https:\/\/api.w.org\/{rel}","templated":true}]}}