{"id":18007,"date":"2020-07-06T17:32:04","date_gmt":"2020-07-06T15:32:04","guid":{"rendered":"https:\/\/www.rgequip.com\/?post_type=product&#038;p=18007"},"modified":"2020-07-06T17:32:05","modified_gmt":"2020-07-06T15:32:05","slug":"fourneau-electrique-6-plaques-carrees-sur-four-electrique","status":"publish","type":"product","link":"https:\/\/www.rgequip.com\/?product=fourneau-electrique-6-plaques-carrees-sur-four-electrique","title":{"rendered":"Fourneau \u00e9lectrique 6 plaques carr\u00e9es sur four \u00e9lectrique"},"content":{"rendered":"<p>Toutes les plaques chauffantes ont un interrupteur de s\u00e9curit\u00e9 contre la surchauffe.<\/p>\n<p>Chaque plaque chauffante poss\u00e8de six unit\u00e9s de contr\u00f4le r\u00e9glables positionn\u00e9es qui peuvent r\u00e9guler la temp\u00e9rature entre 90-450 \u00b0 C .<\/p>\n<p>La chambre du four varie entre 50 et 300 \u00b0 C avec Le four\u00a0 AISI 430 en acier inoxydable<\/p>\n<p>Les dimensions de travail de la chambre du four de la gamme 8090 conviennent au GN 2\/1<\/p>\n","protected":false},"excerpt":{"rendered":"<p>Toutes les plaques chauffantes ont un interrupteur de s\u00e9curit\u00e9 contre la surchauffe. Chaque plaque chauffante poss\u00e8de six unit\u00e9s de contr\u00f4le<\/p>\n","protected":false},"featured_media":18008,"comment_status":"open","ping_status":"closed","template":"","meta":[],"product_brand":[],"product_cat":[226,227,241,228,237],"product_tag":[],"class_list":{"0":"post-18007","1":"product","2":"type-product","3":"status-publish","4":"has-post-thumbnail","6":"product_cat-cuisson","7":"product_cat-fourneaux","8":"product_cat-r-electrique","9":"product_cat-rechauds","10":"product_cat-series-700-900","12":"first","13":"instock","14":"shipping-taxable","15":"product-type-simple"},"_links":{"self":[{"href":"https:\/\/www.rgequip.com\/index.php?rest_route=\/wp\/v2\/product\/18007","targetHints":{"allow":["GET"]}}],"collection":[{"href":"https:\/\/www.rgequip.com\/index.php?rest_route=\/wp\/v2\/product"}],"about":[{"href":"https:\/\/www.rgequip.com\/index.php?rest_route=\/wp\/v2\/types\/product"}],"replies":[{"embeddable":true,"href":"https:\/\/www.rgequip.com\/index.php?rest_route=%2Fwp%2Fv2%2Fcomments&post=18007"}],"version-history":[{"count":0,"href":"https:\/\/www.rgequip.com\/index.php?rest_route=\/wp\/v2\/product\/18007\/revisions"}],"wp:featuredmedia":[{"embeddable":true,"href":"https:\/\/www.rgequip.com\/index.php?rest_route=\/wp\/v2\/media\/18008"}],"wp:attachment":[{"href":"https:\/\/www.rgequip.com\/index.php?rest_route=%2Fwp%2Fv2%2Fmedia&parent=18007"}],"wp:term":[{"taxonomy":"product_brand","embeddable":true,"href":"https:\/\/www.rgequip.com\/index.php?rest_route=%2Fwp%2Fv2%2Fproduct_brand&post=18007"},{"taxonomy":"product_cat","embeddable":true,"href":"https:\/\/www.rgequip.com\/index.php?rest_route=%2Fwp%2Fv2%2Fproduct_cat&post=18007"},{"taxonomy":"product_tag","embeddable":true,"href":"https:\/\/www.rgequip.com\/index.php?rest_route=%2Fwp%2Fv2%2Fproduct_tag&post=18007"}],"curies":[{"name":"wp","href":"https:\/\/api.w.org\/{rel}","templated":true}]}}