{"id":18006,"date":"2020-07-14T16:35:20","date_gmt":"2020-07-14T14:35:20","guid":{"rendered":"https:\/\/www.rgequip.com\/?post_type=product&#038;p=18006"},"modified":"2020-07-21T17:22:37","modified_gmt":"2020-07-21T15:22:37","slug":"four-a-chariot-rotatif-avec-systeme-crochet-single","status":"publish","type":"product","link":"https:\/\/www.rgequip.com\/?product=four-a-chariot-rotatif-avec-systeme-crochet-single","title":{"rendered":"Four \u00e0 chariot rotatif avec syst\u00e8me crochet SINGLE"},"content":{"rendered":"<p>Ce four Poss\u00e8de une Fa\u00e7ade et une chambre de cuisson en acier inoxydable .<\/p>\n<p>Relation \u00e9quilibr\u00e9e entre vitesse de ventilation et volume d\u2019air pour r\u00e9duire au minimum la d\u00e9shydratation du produit cuit.<\/p>\n<p>De plus, ce four est Ad\u00e9quat pour la production de diff\u00e9rents types de produits de boulangerie et de p\u00e2tisserie .<\/p>\n<p>Four tr\u00e8s facile \u00e0 utiliser, appropri\u00e9 pour travailler avec un nombre r\u00e9duit d&#8217;op\u00e9rateurs.<\/p>\n<p>Vanne d\u2019expansion pour \u00e9viter toute surpression \u00e0 l\u2019int\u00e9rieur de la chambre de cuisson.<\/p>\n<p>Syst\u00e8me de charge du chariot \u00e0 crochet.<\/p>\n<p>Rampe en acier inoxydable \u00e0 inclinaison douce pour acc\u00e9der \u00e0 la plate-forme.<\/p>\n","protected":false},"excerpt":{"rendered":"<p>Ce four Poss\u00e8de une Fa\u00e7ade et une chambre de cuisson en acier inoxydable . Relation \u00e9quilibr\u00e9e entre vitesse de ventilation<\/p>\n","protected":false},"featured_media":18356,"comment_status":"open","ping_status":"closed","template":"","meta":[],"product_brand":[],"product_cat":[369,372,383],"product_tag":[],"class_list":{"0":"post-18006","1":"product","2":"type-product","3":"status-publish","4":"has-post-thumbnail","6":"product_cat-boulangerie","7":"product_cat-cuisson-boulangerie","8":"product_cat-fours-a-chariot","10":"first","11":"instock","12":"shipping-taxable","13":"product-type-simple"},"_links":{"self":[{"href":"https:\/\/www.rgequip.com\/index.php?rest_route=\/wp\/v2\/product\/18006","targetHints":{"allow":["GET"]}}],"collection":[{"href":"https:\/\/www.rgequip.com\/index.php?rest_route=\/wp\/v2\/product"}],"about":[{"href":"https:\/\/www.rgequip.com\/index.php?rest_route=\/wp\/v2\/types\/product"}],"replies":[{"embeddable":true,"href":"https:\/\/www.rgequip.com\/index.php?rest_route=%2Fwp%2Fv2%2Fcomments&post=18006"}],"version-history":[{"count":2,"href":"https:\/\/www.rgequip.com\/index.php?rest_route=\/wp\/v2\/product\/18006\/revisions"}],"predecessor-version":[{"id":18354,"href":"https:\/\/www.rgequip.com\/index.php?rest_route=\/wp\/v2\/product\/18006\/revisions\/18354"}],"wp:featuredmedia":[{"embeddable":true,"href":"https:\/\/www.rgequip.com\/index.php?rest_route=\/wp\/v2\/media\/18356"}],"wp:attachment":[{"href":"https:\/\/www.rgequip.com\/index.php?rest_route=%2Fwp%2Fv2%2Fmedia&parent=18006"}],"wp:term":[{"taxonomy":"product_brand","embeddable":true,"href":"https:\/\/www.rgequip.com\/index.php?rest_route=%2Fwp%2Fv2%2Fproduct_brand&post=18006"},{"taxonomy":"product_cat","embeddable":true,"href":"https:\/\/www.rgequip.com\/index.php?rest_route=%2Fwp%2Fv2%2Fproduct_cat&post=18006"},{"taxonomy":"product_tag","embeddable":true,"href":"https:\/\/www.rgequip.com\/index.php?rest_route=%2Fwp%2Fv2%2Fproduct_tag&post=18006"}],"curies":[{"name":"wp","href":"https:\/\/api.w.org\/{rel}","templated":true}]}}