{"id":13545,"date":"2019-11-29T13:18:47","date_gmt":"2019-11-29T12:18:47","guid":{"rendered":"https:\/\/www.rgequip.com\/?post_type=product&#038;p=13545"},"modified":"2019-11-29T13:18:47","modified_gmt":"2019-11-29T12:18:47","slug":"melangeur-a-immersion","status":"publish","type":"product","link":"https:\/\/www.rgequip.com\/?product=melangeur-a-immersion","title":{"rendered":"M\u00e9langeur A Immersion"},"content":{"rendered":"<p>Le\u00a0<strong>m\u00e9langeur \u00e0 immersion <\/strong>\u00a0gr\u00e2ce \u00e0 sa <strong>qualit\u00e9 de\u00a0construction et la\u00a0fiabilit\u00e9<\/strong>\u00a0peut \u00eatre utilis\u00e9 dans de\u00a0nombreuses pr\u00e9parations diff\u00e9rentes de votre\u00a0<strong>cuisine professionnelle.<\/strong><\/p>\n<p>La polyvalence de la machine est due aux outils utilisables:<\/p>\n<p>Caract\u00e9ristiques principales:<\/p>\n<ul>\n<li><strong>Poign\u00e9e ergonomique<\/strong><\/li>\n<li><strong>Electronique fiable et de qualit\u00e9<\/strong><\/li>\n<li><strong>Design innovant<\/strong><\/li>\n<\/ul>\n<p>Les outils compl\u00e9mentaires<\/p>\n<ul>\n<li><strong>M\u00e9langeur<\/strong>\u00a0pour faire des soupes, des pur\u00e9es de l\u00e9gumes, des sauces, des p\u00e2tes \u00e0 frire, de la mayonnaise, de la pur\u00e9e de tomates, du pesto et bien plus encore.<\/li>\n<li><strong>Fouettez<\/strong>\u00a0pour obtenir la cr\u00e8me fouett\u00e9e, les cr\u00e8mes, les omelettes, les souffl\u00e9s et bien plus encore.<\/li>\n<\/ul>\n<p>Toutes les parties en contact avec les aliments sont en\u00a0<strong>acier inoxydable.<\/strong><\/p>\n","protected":false},"excerpt":{"rendered":"<p>Le\u00a0m\u00e9langeur \u00e0 immersion \u00a0gr\u00e2ce \u00e0 sa qualit\u00e9 de\u00a0construction et la\u00a0fiabilit\u00e9\u00a0peut \u00eatre utilis\u00e9 dans de\u00a0nombreuses pr\u00e9parations diff\u00e9rentes de votre\u00a0cuisine professionnelle. La<\/p>\n","protected":false},"featured_media":13546,"comment_status":"open","ping_status":"closed","template":"","meta":[],"product_brand":[],"product_cat":[337,351,339],"product_tag":[],"class_list":{"0":"post-13545","1":"product","2":"type-product","3":"status-publish","4":"has-post-thumbnail","6":"product_cat-preparation","7":"product_cat-mixer-plongeant","8":"product_cat-robots-coupe","10":"first","11":"instock","12":"shipping-taxable","13":"product-type-simple"},"_links":{"self":[{"href":"https:\/\/www.rgequip.com\/index.php?rest_route=\/wp\/v2\/product\/13545","targetHints":{"allow":["GET"]}}],"collection":[{"href":"https:\/\/www.rgequip.com\/index.php?rest_route=\/wp\/v2\/product"}],"about":[{"href":"https:\/\/www.rgequip.com\/index.php?rest_route=\/wp\/v2\/types\/product"}],"replies":[{"embeddable":true,"href":"https:\/\/www.rgequip.com\/index.php?rest_route=%2Fwp%2Fv2%2Fcomments&post=13545"}],"version-history":[{"count":0,"href":"https:\/\/www.rgequip.com\/index.php?rest_route=\/wp\/v2\/product\/13545\/revisions"}],"wp:featuredmedia":[{"embeddable":true,"href":"https:\/\/www.rgequip.com\/index.php?rest_route=\/wp\/v2\/media\/13546"}],"wp:attachment":[{"href":"https:\/\/www.rgequip.com\/index.php?rest_route=%2Fwp%2Fv2%2Fmedia&parent=13545"}],"wp:term":[{"taxonomy":"product_brand","embeddable":true,"href":"https:\/\/www.rgequip.com\/index.php?rest_route=%2Fwp%2Fv2%2Fproduct_brand&post=13545"},{"taxonomy":"product_cat","embeddable":true,"href":"https:\/\/www.rgequip.com\/index.php?rest_route=%2Fwp%2Fv2%2Fproduct_cat&post=13545"},{"taxonomy":"product_tag","embeddable":true,"href":"https:\/\/www.rgequip.com\/index.php?rest_route=%2Fwp%2Fv2%2Fproduct_tag&post=13545"}],"curies":[{"name":"wp","href":"https:\/\/api.w.org\/{rel}","templated":true}]}}